{"id":11895,"date":"2021-05-30T20:12:04","date_gmt":"2021-05-30T18:12:04","guid":{"rendered":"https:\/\/kechbureau.ma\/?post_type=product&#038;p=11895"},"modified":"2022-01-09T17:52:14","modified_gmt":"2022-01-09T16:52:14","slug":"xvr-5116hs-s2","status":"publish","type":"product","link":"https:\/\/kechbureau.ma\/?product=xvr-5116hs-s2","title":{"rendered":"XVR DAHUA 5116HS-I2 16ports (5MP )"},"content":{"rendered":"<ul>\n<li>\n<h1 class=\"text\" data-gtm-vis-has-fired-10552706_181=\"1\" data-gtm-vis-has-fired-10552706_195=\"1\" data-gtm-vis-first-on-screen-10552706_196=\"8570\" data-gtm-vis-first-on-screen-10552706_184=\"8571\" data-gtm-vis-first-on-screen-10552706_192=\"8572\" data-gtm-vis-first-on-screen-10552706_217=\"8573\" data-gtm-vis-first-on-screen-10552706_194=\"8573\" data-gtm-vis-first-on-screen-10552706_193=\"8574\" data-gtm-vis-recent-on-screen-10552706_196=\"455121\" data-gtm-vis-total-visible-time-10552706_196=\"100\" data-gtm-vis-has-fired-10552706_196=\"1\" data-gtm-vis-recent-on-screen-10552706_184=\"455122\" data-gtm-vis-total-visible-time-10552706_184=\"100\" data-gtm-vis-has-fired-10552706_184=\"1\" data-gtm-vis-recent-on-screen-10552706_192=\"455122\" data-gtm-vis-total-visible-time-10552706_192=\"100\" data-gtm-vis-has-fired-10552706_192=\"1\" data-gtm-vis-recent-on-screen-10552706_217=\"455123\" data-gtm-vis-total-visible-time-10552706_217=\"100\" data-gtm-vis-has-fired-10552706_217=\"1\" data-gtm-vis-recent-on-screen-10552706_194=\"455126\" data-gtm-vis-total-visible-time-10552706_194=\"100\" data-gtm-vis-has-fired-10552706_194=\"1\" data-gtm-vis-recent-on-screen-10552706_193=\"455130\" data-gtm-vis-total-visible-time-10552706_193=\"100\" data-gtm-vis-has-fired-10552706_193=\"1\"><strong>Enregistreur vid\u00e9o num\u00e9rique compact 1U WizSense Penta-brid 5M-N \/ 1080P 16 canaux<\/strong><\/h1>\n<div data-v-2aedf454=\"\">\n<ul>\n<li>Compression vid\u00e9o double flux H.265 + \/ H.265<\/li>\n<li>Prend en charge les entr\u00e9es vid\u00e9o HDCVI \/ AHD \/ TVI \/ CVBS \/ IP<\/li>\n<li>Entr\u00e9es de cam\u00e9ra IP 24 canaux maximum, chaque canal jusqu\u2019\u00e0 6MP; Bande passante entrante maximale de 128 Mbps<\/li>\n<li>Jusqu\u2019\u00e0 2 canaux de flux vid\u00e9o (canal analogique) Protection p\u00e9rim\u00e9trique<\/li>\n<li>Jusqu\u2019\u00e0 16 canaux de flux vid\u00e9o (canal analogique) SMD Plus<\/li>\n<li>Jusqu\u2019\u00e0 2 canaux de flux vid\u00e9o (canal analogique) reconnaissance de visage humain<\/li>\n<li>Fonctionnalit\u00e9s IoT &amp; POS<\/li>\n<li><img decoding=\"async\" class=\"alignnone size-medium wp-image-6164\" src=\"https:\/\/i0.wp.com\/tthgroupe.com\/wp-content\/uploads\/2020\/12\/20200522134921_16823-1-300x72.png\" alt=\"\" width=\"300\" height=\"72\" \/><\/li>\n<\/ul>\n<\/div>\n<\/li>\n<\/ul>\n","protected":false},"excerpt":{"rendered":"<p>Enregistreur vid\u00e9o num\u00e9rique compact 1U WizSense Penta-brid 5M-N \/ 1080P 16 canaux Compression vid\u00e9o double flux H.265 + \/ H.265 Prend en charge les entr\u00e9es vid\u00e9o HDCVI \/ AHD \/<\/p>\n","protected":false},"featured_media":11882,"comment_status":"open","ping_status":"closed","template":"","meta":{"kk_blocks_editor_width":"","_kiokenblocks_attr":"","_kiokenblocks_dimensions":""},"product_brand":[],"product_cat":[532,533],"product_tag":[],"class_list":{"0":"post-11895","1":"product","2":"type-product","3":"status-publish","4":"has-post-thumbnail","6":"product_cat-video-surveillance","7":"product_cat-xvr-nvr","9":"first","10":"instock","11":"taxable","12":"shipping-taxable","13":"purchasable","14":"product-type-simple"},"yoast_head":"<!-- This site is optimized with the Yoast SEO plugin v27.5 - https:\/\/yoast.com\/product\/yoast-seo-wordpress\/ -->\n<title>XVR DAHUA 5116HS-I2 16ports (5MP ) - KECH BUREAU<\/title>\n<meta name=\"robots\" content=\"index, follow, max-snippet:-1, max-image-preview:large, max-video-preview:-1\" \/>\n<link rel=\"canonical\" href=\"https:\/\/kechbureau.ma\/?product=xvr-5116hs-s2\" \/>\n<meta property=\"og:locale\" content=\"fr_FR\" \/>\n<meta property=\"og:type\" content=\"article\" \/>\n<meta property=\"og:title\" content=\"XVR DAHUA 5116HS-I2 16ports (5MP ) - KECH BUREAU\" \/>\n<meta property=\"og:description\" content=\"Enregistreur vid\u00e9o num\u00e9rique compact 1U WizSense Penta-brid 5M-N \/ 1080P 16 canaux Compression vid\u00e9o double flux H.265 + \/ H.265 Prend en charge les entr\u00e9es vid\u00e9o HDCVI \/ AHD \/\" \/>\n<meta property=\"og:url\" content=\"https:\/\/kechbureau.ma\/?product=xvr-5116hs-s2\" \/>\n<meta property=\"og:site_name\" content=\"KECH BUREAU\" \/>\n<meta property=\"article:modified_time\" content=\"2022-01-09T16:52:14+00:00\" \/>\n<meta property=\"og:image\" content=\"https:\/\/kechbureau.ma\/wp-content\/uploads\/2021\/05\/XVR5104_08_16HS1_thumb.png\" \/>\n\t<meta property=\"og:image:width\" content=\"400\" \/>\n\t<meta property=\"og:image:height\" content=\"400\" \/>\n\t<meta property=\"og:image:type\" content=\"image\/png\" \/>\n<meta name=\"twitter:card\" content=\"summary_large_image\" \/>\n<script type=\"application\/ld+json\" class=\"yoast-schema-graph\">{\"@context\":\"https:\\\/\\\/schema.org\",\"@graph\":[{\"@type\":\"WebPage\",\"@id\":\"https:\\\/\\\/kechbureau.ma\\\/?product=xvr-5116hs-s2\",\"url\":\"https:\\\/\\\/kechbureau.ma\\\/?product=xvr-5116hs-s2\",\"name\":\"XVR DAHUA 5116HS-I2 16ports (5MP ) - KECH BUREAU\",\"isPartOf\":{\"@id\":\"https:\\\/\\\/kechbureau.ma\\\/#website\"},\"primaryImageOfPage\":{\"@id\":\"https:\\\/\\\/kechbureau.ma\\\/?product=xvr-5116hs-s2#primaryimage\"},\"image\":{\"@id\":\"https:\\\/\\\/kechbureau.ma\\\/?product=xvr-5116hs-s2#primaryimage\"},\"thumbnailUrl\":\"https:\\\/\\\/kechbureau.ma\\\/wp-content\\\/uploads\\\/2021\\\/05\\\/XVR5104_08_16HS1_thumb.png\",\"datePublished\":\"2021-05-30T18:12:04+00:00\",\"dateModified\":\"2022-01-09T16:52:14+00:00\",\"breadcrumb\":{\"@id\":\"https:\\\/\\\/kechbureau.ma\\\/?product=xvr-5116hs-s2#breadcrumb\"},\"inLanguage\":\"fr-FR\",\"potentialAction\":[{\"@type\":\"ReadAction\",\"target\":[\"https:\\\/\\\/kechbureau.ma\\\/?product=xvr-5116hs-s2\"]}]},{\"@type\":\"ImageObject\",\"inLanguage\":\"fr-FR\",\"@id\":\"https:\\\/\\\/kechbureau.ma\\\/?product=xvr-5116hs-s2#primaryimage\",\"url\":\"https:\\\/\\\/kechbureau.ma\\\/wp-content\\\/uploads\\\/2021\\\/05\\\/XVR5104_08_16HS1_thumb.png\",\"contentUrl\":\"https:\\\/\\\/kechbureau.ma\\\/wp-content\\\/uploads\\\/2021\\\/05\\\/XVR5104_08_16HS1_thumb.png\",\"width\":400,\"height\":400},{\"@type\":\"BreadcrumbList\",\"@id\":\"https:\\\/\\\/kechbureau.ma\\\/?product=xvr-5116hs-s2#breadcrumb\",\"itemListElement\":[{\"@type\":\"ListItem\",\"position\":1,\"name\":\"Accueil\",\"item\":\"https:\\\/\\\/kechbureau.ma\\\/\"},{\"@type\":\"ListItem\",\"position\":2,\"name\":\"Shop\",\"item\":\"https:\\\/\\\/kechbureau.ma\\\/?page_id=3853\"},{\"@type\":\"ListItem\",\"position\":3,\"name\":\"XVR DAHUA 5116HS-I2 16ports (5MP )\"}]},{\"@type\":\"WebSite\",\"@id\":\"https:\\\/\\\/kechbureau.ma\\\/#website\",\"url\":\"https:\\\/\\\/kechbureau.ma\\\/\",\"name\":\"KECH BUREAU\",\"description\":\"MARRAKECH BUREAU\",\"potentialAction\":[{\"@type\":\"SearchAction\",\"target\":{\"@type\":\"EntryPoint\",\"urlTemplate\":\"https:\\\/\\\/kechbureau.ma\\\/?s={search_term_string}\"},\"query-input\":{\"@type\":\"PropertyValueSpecification\",\"valueRequired\":true,\"valueName\":\"search_term_string\"}}],\"inLanguage\":\"fr-FR\"}]}<\/script>\n<!-- \/ Yoast SEO plugin. -->","yoast_head_json":{"title":"XVR DAHUA 5116HS-I2 16ports (5MP ) - KECH BUREAU","robots":{"index":"index","follow":"follow","max-snippet":"max-snippet:-1","max-image-preview":"max-image-preview:large","max-video-preview":"max-video-preview:-1"},"canonical":"https:\/\/kechbureau.ma\/?product=xvr-5116hs-s2","og_locale":"fr_FR","og_type":"article","og_title":"XVR DAHUA 5116HS-I2 16ports (5MP ) - KECH BUREAU","og_description":"Enregistreur vid\u00e9o num\u00e9rique compact 1U WizSense Penta-brid 5M-N \/ 1080P 16 canaux Compression vid\u00e9o double flux H.265 + \/ H.265 Prend en charge les entr\u00e9es vid\u00e9o HDCVI \/ AHD \/","og_url":"https:\/\/kechbureau.ma\/?product=xvr-5116hs-s2","og_site_name":"KECH BUREAU","article_modified_time":"2022-01-09T16:52:14+00:00","og_image":[{"width":400,"height":400,"url":"https:\/\/kechbureau.ma\/wp-content\/uploads\/2021\/05\/XVR5104_08_16HS1_thumb.png","type":"image\/png"}],"twitter_card":"summary_large_image","schema":{"@context":"https:\/\/schema.org","@graph":[{"@type":"WebPage","@id":"https:\/\/kechbureau.ma\/?product=xvr-5116hs-s2","url":"https:\/\/kechbureau.ma\/?product=xvr-5116hs-s2","name":"XVR DAHUA 5116HS-I2 16ports (5MP ) - KECH BUREAU","isPartOf":{"@id":"https:\/\/kechbureau.ma\/#website"},"primaryImageOfPage":{"@id":"https:\/\/kechbureau.ma\/?product=xvr-5116hs-s2#primaryimage"},"image":{"@id":"https:\/\/kechbureau.ma\/?product=xvr-5116hs-s2#primaryimage"},"thumbnailUrl":"https:\/\/kechbureau.ma\/wp-content\/uploads\/2021\/05\/XVR5104_08_16HS1_thumb.png","datePublished":"2021-05-30T18:12:04+00:00","dateModified":"2022-01-09T16:52:14+00:00","breadcrumb":{"@id":"https:\/\/kechbureau.ma\/?product=xvr-5116hs-s2#breadcrumb"},"inLanguage":"fr-FR","potentialAction":[{"@type":"ReadAction","target":["https:\/\/kechbureau.ma\/?product=xvr-5116hs-s2"]}]},{"@type":"ImageObject","inLanguage":"fr-FR","@id":"https:\/\/kechbureau.ma\/?product=xvr-5116hs-s2#primaryimage","url":"https:\/\/kechbureau.ma\/wp-content\/uploads\/2021\/05\/XVR5104_08_16HS1_thumb.png","contentUrl":"https:\/\/kechbureau.ma\/wp-content\/uploads\/2021\/05\/XVR5104_08_16HS1_thumb.png","width":400,"height":400},{"@type":"BreadcrumbList","@id":"https:\/\/kechbureau.ma\/?product=xvr-5116hs-s2#breadcrumb","itemListElement":[{"@type":"ListItem","position":1,"name":"Accueil","item":"https:\/\/kechbureau.ma\/"},{"@type":"ListItem","position":2,"name":"Shop","item":"https:\/\/kechbureau.ma\/?page_id=3853"},{"@type":"ListItem","position":3,"name":"XVR DAHUA 5116HS-I2 16ports (5MP )"}]},{"@type":"WebSite","@id":"https:\/\/kechbureau.ma\/#website","url":"https:\/\/kechbureau.ma\/","name":"KECH BUREAU","description":"MARRAKECH BUREAU","potentialAction":[{"@type":"SearchAction","target":{"@type":"EntryPoint","urlTemplate":"https:\/\/kechbureau.ma\/?s={search_term_string}"},"query-input":{"@type":"PropertyValueSpecification","valueRequired":true,"valueName":"search_term_string"}}],"inLanguage":"fr-FR"}]}},"_links":{"self":[{"href":"https:\/\/kechbureau.ma\/index.php?rest_route=\/wp\/v2\/product\/11895","targetHints":{"allow":["GET"]}}],"collection":[{"href":"https:\/\/kechbureau.ma\/index.php?rest_route=\/wp\/v2\/product"}],"about":[{"href":"https:\/\/kechbureau.ma\/index.php?rest_route=\/wp\/v2\/types\/product"}],"replies":[{"embeddable":true,"href":"https:\/\/kechbureau.ma\/index.php?rest_route=%2Fwp%2Fv2%2Fcomments&post=11895"}],"wp:featuredmedia":[{"embeddable":true,"href":"https:\/\/kechbureau.ma\/index.php?rest_route=\/wp\/v2\/media\/11882"}],"wp:attachment":[{"href":"https:\/\/kechbureau.ma\/index.php?rest_route=%2Fwp%2Fv2%2Fmedia&parent=11895"}],"wp:term":[{"taxonomy":"product_brand","embeddable":true,"href":"https:\/\/kechbureau.ma\/index.php?rest_route=%2Fwp%2Fv2%2Fproduct_brand&post=11895"},{"taxonomy":"product_cat","embeddable":true,"href":"https:\/\/kechbureau.ma\/index.php?rest_route=%2Fwp%2Fv2%2Fproduct_cat&post=11895"},{"taxonomy":"product_tag","embeddable":true,"href":"https:\/\/kechbureau.ma\/index.php?rest_route=%2Fwp%2Fv2%2Fproduct_tag&post=11895"}],"curies":[{"name":"wp","href":"https:\/\/api.w.org\/{rel}","templated":true}]}}