{"id":11894,"date":"2021-05-30T20:09:44","date_gmt":"2021-05-30T18:09:44","guid":{"rendered":"https:\/\/kechbureau.ma\/?post_type=product&#038;p=11894"},"modified":"2022-01-09T17:45:20","modified_gmt":"2022-01-09T16:45:20","slug":"xvr4116hs-x1","status":"publish","type":"product","link":"https:\/\/kechbureau.ma\/?product=xvr4116hs-x1","title":{"rendered":"XVR DAHUA 4116HS-X1 16ports (2MP)"},"content":{"rendered":"<h1 class=\"text\"><strong>Enregistreur vid\u00e9o num\u00e9rique compact 1U 720P Penta-brid \u00e0 16 canaux<\/strong><\/h1>\n<ul>\n<li>Compression vid\u00e9o H.265<\/li>\n<li>Prend en charge les entr\u00e9es\u00a0vid\u00e9o\u00a0HDCVI \/ AHD \/ TVI \/ CVBS \/ IP<\/li>\n<li>Entr\u00e9es de cam\u00e9ra IP maximum 18 canaux, chaque canal jusqu\u2019\u00e0 6MP;\u00a0Largeur de bande entrante maximale de 72 Mbits \/ s<\/li>\n<li>Longue distance de transmission sur c\u00e2ble coaxial<\/li>\n<li>Prend en charge 1 disque dur SATA, jusqu\u2019\u00e0 10 To<\/li>\n<\/ul>\n<p><img decoding=\"async\" class=\"alignnone size-medium wp-image-5087\" src=\"https:\/\/i0.wp.com\/tthgroupe.com\/wp-content\/uploads\/2019\/03\/XVR4116HS-X-1-300x71.png\" alt=\"XVR4116HS-X DVR Dahua\" width=\"300\" height=\"71\" \/><\/p>\n","protected":false},"excerpt":{"rendered":"<p>Enregistreur vid\u00e9o num\u00e9rique compact 1U 720P Penta-brid \u00e0 16 canaux Compression vid\u00e9o H.265 Prend en charge les entr\u00e9es\u00a0vid\u00e9o\u00a0HDCVI \/ AHD \/ TVI \/ CVBS \/ IP Entr\u00e9es de cam\u00e9ra IP<\/p>\n","protected":false},"featured_media":11882,"comment_status":"open","ping_status":"closed","template":"","meta":{"kk_blocks_editor_width":"","_kiokenblocks_attr":"","_kiokenblocks_dimensions":""},"product_brand":[],"product_cat":[532,533],"product_tag":[],"class_list":{"0":"post-11894","1":"product","2":"type-product","3":"status-publish","4":"has-post-thumbnail","6":"product_cat-video-surveillance","7":"product_cat-xvr-nvr","9":"first","10":"instock","11":"sale","12":"taxable","13":"shipping-taxable","14":"purchasable","15":"product-type-simple"},"yoast_head":"<!-- This site is optimized with the Yoast SEO plugin v27.5 - https:\/\/yoast.com\/product\/yoast-seo-wordpress\/ -->\n<title>XVR DAHUA 4116HS-X1 16ports (2MP) - KECH BUREAU<\/title>\n<meta name=\"robots\" content=\"index, follow, max-snippet:-1, max-image-preview:large, max-video-preview:-1\" \/>\n<link rel=\"canonical\" href=\"https:\/\/kechbureau.ma\/?product=xvr4116hs-x1\" \/>\n<meta property=\"og:locale\" content=\"fr_FR\" \/>\n<meta property=\"og:type\" content=\"article\" \/>\n<meta property=\"og:title\" content=\"XVR DAHUA 4116HS-X1 16ports (2MP) - KECH BUREAU\" \/>\n<meta property=\"og:description\" content=\"Enregistreur vid\u00e9o num\u00e9rique compact 1U 720P Penta-brid \u00e0 16 canaux Compression vid\u00e9o H.265 Prend en charge les entr\u00e9es\u00a0vid\u00e9o\u00a0HDCVI \/ AHD \/ TVI \/ CVBS \/ IP Entr\u00e9es de cam\u00e9ra IP\" \/>\n<meta property=\"og:url\" content=\"https:\/\/kechbureau.ma\/?product=xvr4116hs-x1\" \/>\n<meta property=\"og:site_name\" content=\"KECH BUREAU\" \/>\n<meta property=\"article:modified_time\" content=\"2022-01-09T16:45:20+00:00\" \/>\n<meta property=\"og:image\" content=\"https:\/\/kechbureau.ma\/wp-content\/uploads\/2021\/05\/XVR5104_08_16HS1_thumb.png\" \/>\n\t<meta property=\"og:image:width\" content=\"400\" \/>\n\t<meta property=\"og:image:height\" content=\"400\" \/>\n\t<meta property=\"og:image:type\" content=\"image\/png\" \/>\n<meta name=\"twitter:card\" content=\"summary_large_image\" \/>\n<script type=\"application\/ld+json\" class=\"yoast-schema-graph\">{\"@context\":\"https:\\\/\\\/schema.org\",\"@graph\":[{\"@type\":\"WebPage\",\"@id\":\"https:\\\/\\\/kechbureau.ma\\\/?product=xvr4116hs-x1\",\"url\":\"https:\\\/\\\/kechbureau.ma\\\/?product=xvr4116hs-x1\",\"name\":\"XVR DAHUA 4116HS-X1 16ports (2MP) - KECH BUREAU\",\"isPartOf\":{\"@id\":\"https:\\\/\\\/kechbureau.ma\\\/#website\"},\"primaryImageOfPage\":{\"@id\":\"https:\\\/\\\/kechbureau.ma\\\/?product=xvr4116hs-x1#primaryimage\"},\"image\":{\"@id\":\"https:\\\/\\\/kechbureau.ma\\\/?product=xvr4116hs-x1#primaryimage\"},\"thumbnailUrl\":\"https:\\\/\\\/kechbureau.ma\\\/wp-content\\\/uploads\\\/2021\\\/05\\\/XVR5104_08_16HS1_thumb.png\",\"datePublished\":\"2021-05-30T18:09:44+00:00\",\"dateModified\":\"2022-01-09T16:45:20+00:00\",\"breadcrumb\":{\"@id\":\"https:\\\/\\\/kechbureau.ma\\\/?product=xvr4116hs-x1#breadcrumb\"},\"inLanguage\":\"fr-FR\",\"potentialAction\":[{\"@type\":\"ReadAction\",\"target\":[\"https:\\\/\\\/kechbureau.ma\\\/?product=xvr4116hs-x1\"]}]},{\"@type\":\"ImageObject\",\"inLanguage\":\"fr-FR\",\"@id\":\"https:\\\/\\\/kechbureau.ma\\\/?product=xvr4116hs-x1#primaryimage\",\"url\":\"https:\\\/\\\/kechbureau.ma\\\/wp-content\\\/uploads\\\/2021\\\/05\\\/XVR5104_08_16HS1_thumb.png\",\"contentUrl\":\"https:\\\/\\\/kechbureau.ma\\\/wp-content\\\/uploads\\\/2021\\\/05\\\/XVR5104_08_16HS1_thumb.png\",\"width\":400,\"height\":400},{\"@type\":\"BreadcrumbList\",\"@id\":\"https:\\\/\\\/kechbureau.ma\\\/?product=xvr4116hs-x1#breadcrumb\",\"itemListElement\":[{\"@type\":\"ListItem\",\"position\":1,\"name\":\"Accueil\",\"item\":\"https:\\\/\\\/kechbureau.ma\\\/\"},{\"@type\":\"ListItem\",\"position\":2,\"name\":\"Shop\",\"item\":\"https:\\\/\\\/kechbureau.ma\\\/?page_id=3853\"},{\"@type\":\"ListItem\",\"position\":3,\"name\":\"XVR DAHUA 4116HS-X1 16ports (2MP)\"}]},{\"@type\":\"WebSite\",\"@id\":\"https:\\\/\\\/kechbureau.ma\\\/#website\",\"url\":\"https:\\\/\\\/kechbureau.ma\\\/\",\"name\":\"KECH BUREAU\",\"description\":\"MARRAKECH BUREAU\",\"potentialAction\":[{\"@type\":\"SearchAction\",\"target\":{\"@type\":\"EntryPoint\",\"urlTemplate\":\"https:\\\/\\\/kechbureau.ma\\\/?s={search_term_string}\"},\"query-input\":{\"@type\":\"PropertyValueSpecification\",\"valueRequired\":true,\"valueName\":\"search_term_string\"}}],\"inLanguage\":\"fr-FR\"}]}<\/script>\n<!-- \/ Yoast SEO plugin. -->","yoast_head_json":{"title":"XVR DAHUA 4116HS-X1 16ports (2MP) - KECH BUREAU","robots":{"index":"index","follow":"follow","max-snippet":"max-snippet:-1","max-image-preview":"max-image-preview:large","max-video-preview":"max-video-preview:-1"},"canonical":"https:\/\/kechbureau.ma\/?product=xvr4116hs-x1","og_locale":"fr_FR","og_type":"article","og_title":"XVR DAHUA 4116HS-X1 16ports (2MP) - KECH BUREAU","og_description":"Enregistreur vid\u00e9o num\u00e9rique compact 1U 720P Penta-brid \u00e0 16 canaux Compression vid\u00e9o H.265 Prend en charge les entr\u00e9es\u00a0vid\u00e9o\u00a0HDCVI \/ AHD \/ TVI \/ CVBS \/ IP Entr\u00e9es de cam\u00e9ra IP","og_url":"https:\/\/kechbureau.ma\/?product=xvr4116hs-x1","og_site_name":"KECH BUREAU","article_modified_time":"2022-01-09T16:45:20+00:00","og_image":[{"width":400,"height":400,"url":"https:\/\/kechbureau.ma\/wp-content\/uploads\/2021\/05\/XVR5104_08_16HS1_thumb.png","type":"image\/png"}],"twitter_card":"summary_large_image","schema":{"@context":"https:\/\/schema.org","@graph":[{"@type":"WebPage","@id":"https:\/\/kechbureau.ma\/?product=xvr4116hs-x1","url":"https:\/\/kechbureau.ma\/?product=xvr4116hs-x1","name":"XVR DAHUA 4116HS-X1 16ports (2MP) - KECH BUREAU","isPartOf":{"@id":"https:\/\/kechbureau.ma\/#website"},"primaryImageOfPage":{"@id":"https:\/\/kechbureau.ma\/?product=xvr4116hs-x1#primaryimage"},"image":{"@id":"https:\/\/kechbureau.ma\/?product=xvr4116hs-x1#primaryimage"},"thumbnailUrl":"https:\/\/kechbureau.ma\/wp-content\/uploads\/2021\/05\/XVR5104_08_16HS1_thumb.png","datePublished":"2021-05-30T18:09:44+00:00","dateModified":"2022-01-09T16:45:20+00:00","breadcrumb":{"@id":"https:\/\/kechbureau.ma\/?product=xvr4116hs-x1#breadcrumb"},"inLanguage":"fr-FR","potentialAction":[{"@type":"ReadAction","target":["https:\/\/kechbureau.ma\/?product=xvr4116hs-x1"]}]},{"@type":"ImageObject","inLanguage":"fr-FR","@id":"https:\/\/kechbureau.ma\/?product=xvr4116hs-x1#primaryimage","url":"https:\/\/kechbureau.ma\/wp-content\/uploads\/2021\/05\/XVR5104_08_16HS1_thumb.png","contentUrl":"https:\/\/kechbureau.ma\/wp-content\/uploads\/2021\/05\/XVR5104_08_16HS1_thumb.png","width":400,"height":400},{"@type":"BreadcrumbList","@id":"https:\/\/kechbureau.ma\/?product=xvr4116hs-x1#breadcrumb","itemListElement":[{"@type":"ListItem","position":1,"name":"Accueil","item":"https:\/\/kechbureau.ma\/"},{"@type":"ListItem","position":2,"name":"Shop","item":"https:\/\/kechbureau.ma\/?page_id=3853"},{"@type":"ListItem","position":3,"name":"XVR DAHUA 4116HS-X1 16ports (2MP)"}]},{"@type":"WebSite","@id":"https:\/\/kechbureau.ma\/#website","url":"https:\/\/kechbureau.ma\/","name":"KECH BUREAU","description":"MARRAKECH BUREAU","potentialAction":[{"@type":"SearchAction","target":{"@type":"EntryPoint","urlTemplate":"https:\/\/kechbureau.ma\/?s={search_term_string}"},"query-input":{"@type":"PropertyValueSpecification","valueRequired":true,"valueName":"search_term_string"}}],"inLanguage":"fr-FR"}]}},"_links":{"self":[{"href":"https:\/\/kechbureau.ma\/index.php?rest_route=\/wp\/v2\/product\/11894","targetHints":{"allow":["GET"]}}],"collection":[{"href":"https:\/\/kechbureau.ma\/index.php?rest_route=\/wp\/v2\/product"}],"about":[{"href":"https:\/\/kechbureau.ma\/index.php?rest_route=\/wp\/v2\/types\/product"}],"replies":[{"embeddable":true,"href":"https:\/\/kechbureau.ma\/index.php?rest_route=%2Fwp%2Fv2%2Fcomments&post=11894"}],"wp:featuredmedia":[{"embeddable":true,"href":"https:\/\/kechbureau.ma\/index.php?rest_route=\/wp\/v2\/media\/11882"}],"wp:attachment":[{"href":"https:\/\/kechbureau.ma\/index.php?rest_route=%2Fwp%2Fv2%2Fmedia&parent=11894"}],"wp:term":[{"taxonomy":"product_brand","embeddable":true,"href":"https:\/\/kechbureau.ma\/index.php?rest_route=%2Fwp%2Fv2%2Fproduct_brand&post=11894"},{"taxonomy":"product_cat","embeddable":true,"href":"https:\/\/kechbureau.ma\/index.php?rest_route=%2Fwp%2Fv2%2Fproduct_cat&post=11894"},{"taxonomy":"product_tag","embeddable":true,"href":"https:\/\/kechbureau.ma\/index.php?rest_route=%2Fwp%2Fv2%2Fproduct_tag&post=11894"}],"curies":[{"name":"wp","href":"https:\/\/api.w.org\/{rel}","templated":true}]}}