{"id":11889,"date":"2021-05-27T19:26:38","date_gmt":"2021-05-27T17:26:38","guid":{"rendered":"https:\/\/kechbureau.ma\/?post_type=product&#038;p=11889"},"modified":"2022-01-09T17:55:14","modified_gmt":"2022-01-09T16:55:14","slug":"nvr4104-4108-p-4ks","status":"publish","type":"product","link":"https:\/\/kechbureau.ma\/?product=nvr4104-4108-p-4ks","title":{"rendered":"NVR DAHUA 4104-P-4KS 4PORTS POE (8MP, 5MP, 2MP)"},"content":{"rendered":"<h1 class=\"text\"><strong>Enregistreur vid\u00e9o r\u00e9seau intelligent 1U 4PoE 4K et H.265 Lite 4 canaux<\/strong><\/h1>\n<div data-v-19072eeb=\"\">\n<ul>\n<li>Smart H.265 + \/ H.265 \/ Smart H.264 + \/ H.264<\/li>\n<li>Bande passante entrante max 80 Mbps<\/li>\n<li>R\u00e9solution jusqu\u2019\u00e0 8 MP pour pr\u00e9visualisation et lecture<\/li>\n<li>Jusqu\u2019\u00e0 2 canaux \u00e0 d\u00e9codage 4K \/ 8 canaux \u00e0 1080P<\/li>\n<li>HDMI \/ VGA simultan\u00e9 sortie vid\u00e9o<\/li>\n<li>Prise en charge IPC UPnP, ports 4PoE<\/li>\n<\/ul>\n<\/div>\n","protected":false},"excerpt":{"rendered":"<p>Enregistreur vid\u00e9o r\u00e9seau intelligent 1U 4PoE 4K et H.265 Lite 4 canaux Smart H.265 + \/ H.265 \/ Smart H.264 + \/ H.264 Bande passante entrante max 80 Mbps R\u00e9solution<\/p>\n","protected":false},"featured_media":12204,"comment_status":"open","ping_status":"closed","template":"","meta":{"kk_blocks_editor_width":"","_kiokenblocks_attr":"","_kiokenblocks_dimensions":""},"product_brand":[],"product_cat":[533],"product_tag":[],"class_list":{"0":"post-11889","1":"product","2":"type-product","3":"status-publish","4":"has-post-thumbnail","6":"product_cat-xvr-nvr","8":"first","9":"instock","10":"taxable","11":"shipping-taxable","12":"purchasable","13":"product-type-simple"},"yoast_head":"<!-- This site is optimized with the Yoast SEO plugin v27.5 - https:\/\/yoast.com\/product\/yoast-seo-wordpress\/ -->\n<title>NVR DAHUA 4104-P-4KS 4PORTS POE (8MP, 5MP, 2MP) - KECH BUREAU<\/title>\n<meta name=\"robots\" content=\"index, follow, max-snippet:-1, max-image-preview:large, max-video-preview:-1\" \/>\n<link rel=\"canonical\" href=\"https:\/\/kechbureau.ma\/?product=nvr4104-4108-p-4ks\" \/>\n<meta property=\"og:locale\" content=\"fr_FR\" \/>\n<meta property=\"og:type\" content=\"article\" \/>\n<meta property=\"og:title\" content=\"NVR DAHUA 4104-P-4KS 4PORTS POE (8MP, 5MP, 2MP) - KECH BUREAU\" \/>\n<meta property=\"og:description\" content=\"Enregistreur vid\u00e9o r\u00e9seau intelligent 1U 4PoE 4K et H.265 Lite 4 canaux Smart H.265 + \/ H.265 \/ Smart H.264 + \/ H.264 Bande passante entrante max 80 Mbps R\u00e9solution\" \/>\n<meta property=\"og:url\" content=\"https:\/\/kechbureau.ma\/?product=nvr4104-4108-p-4ks\" \/>\n<meta property=\"og:site_name\" content=\"KECH BUREAU\" \/>\n<meta property=\"article:modified_time\" content=\"2022-01-09T16:55:14+00:00\" \/>\n<meta property=\"og:image\" content=\"https:\/\/kechbureau.ma\/wp-content\/uploads\/2021\/05\/51zI2zzwCKL._AC_SY450_.jpg\" \/>\n\t<meta property=\"og:image:width\" content=\"469\" \/>\n\t<meta property=\"og:image:height\" content=\"450\" \/>\n\t<meta property=\"og:image:type\" content=\"image\/jpeg\" \/>\n<meta name=\"twitter:card\" content=\"summary_large_image\" \/>\n<script type=\"application\/ld+json\" class=\"yoast-schema-graph\">{\"@context\":\"https:\\\/\\\/schema.org\",\"@graph\":[{\"@type\":\"WebPage\",\"@id\":\"https:\\\/\\\/kechbureau.ma\\\/?product=nvr4104-4108-p-4ks\",\"url\":\"https:\\\/\\\/kechbureau.ma\\\/?product=nvr4104-4108-p-4ks\",\"name\":\"NVR DAHUA 4104-P-4KS 4PORTS POE (8MP, 5MP, 2MP) - KECH BUREAU\",\"isPartOf\":{\"@id\":\"https:\\\/\\\/kechbureau.ma\\\/#website\"},\"primaryImageOfPage\":{\"@id\":\"https:\\\/\\\/kechbureau.ma\\\/?product=nvr4104-4108-p-4ks#primaryimage\"},\"image\":{\"@id\":\"https:\\\/\\\/kechbureau.ma\\\/?product=nvr4104-4108-p-4ks#primaryimage\"},\"thumbnailUrl\":\"https:\\\/\\\/kechbureau.ma\\\/wp-content\\\/uploads\\\/2021\\\/05\\\/51zI2zzwCKL._AC_SY450_.jpg\",\"datePublished\":\"2021-05-27T17:26:38+00:00\",\"dateModified\":\"2022-01-09T16:55:14+00:00\",\"breadcrumb\":{\"@id\":\"https:\\\/\\\/kechbureau.ma\\\/?product=nvr4104-4108-p-4ks#breadcrumb\"},\"inLanguage\":\"fr-FR\",\"potentialAction\":[{\"@type\":\"ReadAction\",\"target\":[\"https:\\\/\\\/kechbureau.ma\\\/?product=nvr4104-4108-p-4ks\"]}]},{\"@type\":\"ImageObject\",\"inLanguage\":\"fr-FR\",\"@id\":\"https:\\\/\\\/kechbureau.ma\\\/?product=nvr4104-4108-p-4ks#primaryimage\",\"url\":\"https:\\\/\\\/kechbureau.ma\\\/wp-content\\\/uploads\\\/2021\\\/05\\\/51zI2zzwCKL._AC_SY450_.jpg\",\"contentUrl\":\"https:\\\/\\\/kechbureau.ma\\\/wp-content\\\/uploads\\\/2021\\\/05\\\/51zI2zzwCKL._AC_SY450_.jpg\",\"width\":469,\"height\":450},{\"@type\":\"BreadcrumbList\",\"@id\":\"https:\\\/\\\/kechbureau.ma\\\/?product=nvr4104-4108-p-4ks#breadcrumb\",\"itemListElement\":[{\"@type\":\"ListItem\",\"position\":1,\"name\":\"Accueil\",\"item\":\"https:\\\/\\\/kechbureau.ma\\\/\"},{\"@type\":\"ListItem\",\"position\":2,\"name\":\"Shop\",\"item\":\"https:\\\/\\\/kechbureau.ma\\\/?page_id=3853\"},{\"@type\":\"ListItem\",\"position\":3,\"name\":\"NVR DAHUA 4104-P-4KS 4PORTS POE (8MP, 5MP, 2MP)\"}]},{\"@type\":\"WebSite\",\"@id\":\"https:\\\/\\\/kechbureau.ma\\\/#website\",\"url\":\"https:\\\/\\\/kechbureau.ma\\\/\",\"name\":\"KECH BUREAU\",\"description\":\"MARRAKECH BUREAU\",\"potentialAction\":[{\"@type\":\"SearchAction\",\"target\":{\"@type\":\"EntryPoint\",\"urlTemplate\":\"https:\\\/\\\/kechbureau.ma\\\/?s={search_term_string}\"},\"query-input\":{\"@type\":\"PropertyValueSpecification\",\"valueRequired\":true,\"valueName\":\"search_term_string\"}}],\"inLanguage\":\"fr-FR\"}]}<\/script>\n<!-- \/ Yoast SEO plugin. -->","yoast_head_json":{"title":"NVR DAHUA 4104-P-4KS 4PORTS POE (8MP, 5MP, 2MP) - KECH BUREAU","robots":{"index":"index","follow":"follow","max-snippet":"max-snippet:-1","max-image-preview":"max-image-preview:large","max-video-preview":"max-video-preview:-1"},"canonical":"https:\/\/kechbureau.ma\/?product=nvr4104-4108-p-4ks","og_locale":"fr_FR","og_type":"article","og_title":"NVR DAHUA 4104-P-4KS 4PORTS POE (8MP, 5MP, 2MP) - KECH BUREAU","og_description":"Enregistreur vid\u00e9o r\u00e9seau intelligent 1U 4PoE 4K et H.265 Lite 4 canaux Smart H.265 + \/ H.265 \/ Smart H.264 + \/ H.264 Bande passante entrante max 80 Mbps R\u00e9solution","og_url":"https:\/\/kechbureau.ma\/?product=nvr4104-4108-p-4ks","og_site_name":"KECH BUREAU","article_modified_time":"2022-01-09T16:55:14+00:00","og_image":[{"width":469,"height":450,"url":"https:\/\/kechbureau.ma\/wp-content\/uploads\/2021\/05\/51zI2zzwCKL._AC_SY450_.jpg","type":"image\/jpeg"}],"twitter_card":"summary_large_image","schema":{"@context":"https:\/\/schema.org","@graph":[{"@type":"WebPage","@id":"https:\/\/kechbureau.ma\/?product=nvr4104-4108-p-4ks","url":"https:\/\/kechbureau.ma\/?product=nvr4104-4108-p-4ks","name":"NVR DAHUA 4104-P-4KS 4PORTS POE (8MP, 5MP, 2MP) - KECH BUREAU","isPartOf":{"@id":"https:\/\/kechbureau.ma\/#website"},"primaryImageOfPage":{"@id":"https:\/\/kechbureau.ma\/?product=nvr4104-4108-p-4ks#primaryimage"},"image":{"@id":"https:\/\/kechbureau.ma\/?product=nvr4104-4108-p-4ks#primaryimage"},"thumbnailUrl":"https:\/\/kechbureau.ma\/wp-content\/uploads\/2021\/05\/51zI2zzwCKL._AC_SY450_.jpg","datePublished":"2021-05-27T17:26:38+00:00","dateModified":"2022-01-09T16:55:14+00:00","breadcrumb":{"@id":"https:\/\/kechbureau.ma\/?product=nvr4104-4108-p-4ks#breadcrumb"},"inLanguage":"fr-FR","potentialAction":[{"@type":"ReadAction","target":["https:\/\/kechbureau.ma\/?product=nvr4104-4108-p-4ks"]}]},{"@type":"ImageObject","inLanguage":"fr-FR","@id":"https:\/\/kechbureau.ma\/?product=nvr4104-4108-p-4ks#primaryimage","url":"https:\/\/kechbureau.ma\/wp-content\/uploads\/2021\/05\/51zI2zzwCKL._AC_SY450_.jpg","contentUrl":"https:\/\/kechbureau.ma\/wp-content\/uploads\/2021\/05\/51zI2zzwCKL._AC_SY450_.jpg","width":469,"height":450},{"@type":"BreadcrumbList","@id":"https:\/\/kechbureau.ma\/?product=nvr4104-4108-p-4ks#breadcrumb","itemListElement":[{"@type":"ListItem","position":1,"name":"Accueil","item":"https:\/\/kechbureau.ma\/"},{"@type":"ListItem","position":2,"name":"Shop","item":"https:\/\/kechbureau.ma\/?page_id=3853"},{"@type":"ListItem","position":3,"name":"NVR DAHUA 4104-P-4KS 4PORTS POE (8MP, 5MP, 2MP)"}]},{"@type":"WebSite","@id":"https:\/\/kechbureau.ma\/#website","url":"https:\/\/kechbureau.ma\/","name":"KECH BUREAU","description":"MARRAKECH BUREAU","potentialAction":[{"@type":"SearchAction","target":{"@type":"EntryPoint","urlTemplate":"https:\/\/kechbureau.ma\/?s={search_term_string}"},"query-input":{"@type":"PropertyValueSpecification","valueRequired":true,"valueName":"search_term_string"}}],"inLanguage":"fr-FR"}]}},"_links":{"self":[{"href":"https:\/\/kechbureau.ma\/index.php?rest_route=\/wp\/v2\/product\/11889","targetHints":{"allow":["GET"]}}],"collection":[{"href":"https:\/\/kechbureau.ma\/index.php?rest_route=\/wp\/v2\/product"}],"about":[{"href":"https:\/\/kechbureau.ma\/index.php?rest_route=\/wp\/v2\/types\/product"}],"replies":[{"embeddable":true,"href":"https:\/\/kechbureau.ma\/index.php?rest_route=%2Fwp%2Fv2%2Fcomments&post=11889"}],"wp:featuredmedia":[{"embeddable":true,"href":"https:\/\/kechbureau.ma\/index.php?rest_route=\/wp\/v2\/media\/12204"}],"wp:attachment":[{"href":"https:\/\/kechbureau.ma\/index.php?rest_route=%2Fwp%2Fv2%2Fmedia&parent=11889"}],"wp:term":[{"taxonomy":"product_brand","embeddable":true,"href":"https:\/\/kechbureau.ma\/index.php?rest_route=%2Fwp%2Fv2%2Fproduct_brand&post=11889"},{"taxonomy":"product_cat","embeddable":true,"href":"https:\/\/kechbureau.ma\/index.php?rest_route=%2Fwp%2Fv2%2Fproduct_cat&post=11889"},{"taxonomy":"product_tag","embeddable":true,"href":"https:\/\/kechbureau.ma\/index.php?rest_route=%2Fwp%2Fv2%2Fproduct_tag&post=11889"}],"curies":[{"name":"wp","href":"https:\/\/api.w.org\/{rel}","templated":true}]}}