{"id":11864,"date":"2021-04-05T15:29:08","date_gmt":"2021-04-05T13:29:08","guid":{"rendered":"https:\/\/kechbureau.ma\/?post_type=product&#038;p=11864"},"modified":"2021-04-05T15:31:55","modified_gmt":"2021-04-05T13:31:55","slug":"hp-26a-black-laserjet-toner-cartridge","status":"publish","type":"product","link":"https:\/\/kechbureau.ma\/?product=hp-26a-black-laserjet-toner-cartridge","title":{"rendered":"HP 26A Black  LaserJet Toner Cartridge"},"content":{"rendered":"<table class=\"specs\">\n<tbody>\n<tr>\n<td class=\"specs-int\">\n<h2>Couleur<\/h2>\n<\/td>\n<td><img decoding=\"async\" src=\"https:\/\/www.tinkco.com\/images\/couleurs\/1.gif\" alt=\"noir\" \/>noir<\/td>\n<\/tr>\n<tr>\n<td class=\"specs-int\">\n<h2>Contenance<\/h2>\n<\/td>\n<td><strong>3100 pages (\u00e0 un taux de couverture de 5%)<\/strong><\/td>\n<\/tr>\n<tr>\n<td class=\"specs-int\">\n<h2>R\u00e9f\u00e9rence originale<\/h2>\n<\/td>\n<td>HP CF226A<\/td>\n<\/tr>\n<tr>\n<td class=\"specs-int\">\n<h2>R\u00e9f\u00e9rence Tinkco<\/h2>\n<\/td>\n<td>CF226A<\/td>\n<\/tr>\n<tr>\n<td class=\"specs-int\">\n<h2>Exp\u00e9dition<\/h2>\n<\/td>\n<td><span class=\"stabylo\">Exp\u00e9di\u00e9 sous 24\/48h<\/span>\u00a0pour toute commande pass\u00e9e avant midi (jours ouvr\u00e9s).<\/td>\n<\/tr>\n<tr>\n<td class=\"specs-int\">\n<h2>Garantie<\/h2>\n<\/td>\n<td><span class=\"stabylo\">1 an de garantie assur\u00e9e en direct par HP<\/span>\u00a0\u00e0 compter de la r\u00e9ception de votre colis<\/td>\n<\/tr>\n<tr>\n<td class=\"specs-int-last\">\n<h2>Imprimantes compatibles<\/h2>\n<\/td>\n<td>\n<dl>\n<dt>HP LaserJet Pro<\/dt>\n<dd>M402<\/dd>\n<dd>M402d<\/dd>\n<dd>M402dn<\/dd>\n<dd>M402dne<\/dd>\n<dd>M402m<\/dd>\n<dd>M402n<\/dd>\n<dd>M426n<\/dd>\n<dd>MFP M402dne<\/dd>\n<dd>MFP M426<\/dd>\n<dd>MFP M426dn<\/dd>\n<dd>MFP M426dw<\/dd>\n<dd>MFP M426fdn<\/dd>\n<dd>MFP M426fdw<\/dd>\n<dd>MFP M426fw<\/dd>\n<dd>MFP M426n<\/dd>\n<\/dl>\n<\/td>\n<\/tr>\n<\/tbody>\n<\/table>\n","protected":false},"excerpt":{"rendered":"<p>Couleur noir Contenance 3100 pages (\u00e0 un taux de couverture de 5%) R\u00e9f\u00e9rence originale HP CF226A R\u00e9f\u00e9rence Tinkco CF226A Exp\u00e9dition Exp\u00e9di\u00e9 sous 24\/48h\u00a0pour toute commande pass\u00e9e avant midi (jours ouvr\u00e9s).<\/p>\n","protected":false},"featured_media":11865,"comment_status":"open","ping_status":"closed","template":"","meta":{"kk_blocks_editor_width":"","_kiokenblocks_attr":"","_kiokenblocks_dimensions":""},"product_brand":[],"product_cat":[543,642],"product_tag":[],"class_list":{"0":"post-11864","1":"product","2":"type-product","3":"status-publish","4":"has-post-thumbnail","6":"product_cat-consommable","7":"product_cat-hp","9":"first","10":"instock","11":"sale","12":"taxable","13":"shipping-taxable","14":"purchasable","15":"product-type-simple"},"yoast_head":"<!-- This site is optimized with the Yoast SEO plugin v27.5 - https:\/\/yoast.com\/product\/yoast-seo-wordpress\/ -->\n<title>HP 26A Black LaserJet Toner Cartridge - KECH BUREAU<\/title>\n<meta name=\"robots\" content=\"index, follow, max-snippet:-1, max-image-preview:large, max-video-preview:-1\" \/>\n<link rel=\"canonical\" href=\"https:\/\/kechbureau.ma\/?product=hp-26a-black-laserjet-toner-cartridge\" \/>\n<meta property=\"og:locale\" content=\"fr_FR\" \/>\n<meta property=\"og:type\" content=\"article\" \/>\n<meta property=\"og:title\" content=\"HP 26A Black LaserJet Toner Cartridge - KECH BUREAU\" \/>\n<meta property=\"og:description\" content=\"Couleur noir Contenance 3100 pages (\u00e0 un taux de couverture de 5%) R\u00e9f\u00e9rence originale HP CF226A R\u00e9f\u00e9rence Tinkco CF226A Exp\u00e9dition Exp\u00e9di\u00e9 sous 24\/48h\u00a0pour toute commande pass\u00e9e avant midi (jours ouvr\u00e9s).\" \/>\n<meta property=\"og:url\" content=\"https:\/\/kechbureau.ma\/?product=hp-26a-black-laserjet-toner-cartridge\" \/>\n<meta property=\"og:site_name\" content=\"KECH BUREAU\" \/>\n<meta property=\"article:modified_time\" content=\"2021-04-05T13:31:55+00:00\" \/>\n<meta property=\"og:image\" content=\"https:\/\/kechbureau.ma\/wp-content\/uploads\/2021\/04\/26A.jpg\" \/>\n\t<meta property=\"og:image:width\" content=\"1080\" \/>\n\t<meta property=\"og:image:height\" content=\"1080\" \/>\n\t<meta property=\"og:image:type\" content=\"image\/jpeg\" \/>\n<meta name=\"twitter:card\" content=\"summary_large_image\" \/>\n<script type=\"application\/ld+json\" class=\"yoast-schema-graph\">{\"@context\":\"https:\\\/\\\/schema.org\",\"@graph\":[{\"@type\":\"WebPage\",\"@id\":\"https:\\\/\\\/kechbureau.ma\\\/?product=hp-26a-black-laserjet-toner-cartridge\",\"url\":\"https:\\\/\\\/kechbureau.ma\\\/?product=hp-26a-black-laserjet-toner-cartridge\",\"name\":\"HP 26A Black LaserJet Toner Cartridge - KECH BUREAU\",\"isPartOf\":{\"@id\":\"https:\\\/\\\/kechbureau.ma\\\/#website\"},\"primaryImageOfPage\":{\"@id\":\"https:\\\/\\\/kechbureau.ma\\\/?product=hp-26a-black-laserjet-toner-cartridge#primaryimage\"},\"image\":{\"@id\":\"https:\\\/\\\/kechbureau.ma\\\/?product=hp-26a-black-laserjet-toner-cartridge#primaryimage\"},\"thumbnailUrl\":\"https:\\\/\\\/kechbureau.ma\\\/wp-content\\\/uploads\\\/2021\\\/04\\\/26A.jpg\",\"datePublished\":\"2021-04-05T13:29:08+00:00\",\"dateModified\":\"2021-04-05T13:31:55+00:00\",\"breadcrumb\":{\"@id\":\"https:\\\/\\\/kechbureau.ma\\\/?product=hp-26a-black-laserjet-toner-cartridge#breadcrumb\"},\"inLanguage\":\"fr-FR\",\"potentialAction\":[{\"@type\":\"ReadAction\",\"target\":[\"https:\\\/\\\/kechbureau.ma\\\/?product=hp-26a-black-laserjet-toner-cartridge\"]}]},{\"@type\":\"ImageObject\",\"inLanguage\":\"fr-FR\",\"@id\":\"https:\\\/\\\/kechbureau.ma\\\/?product=hp-26a-black-laserjet-toner-cartridge#primaryimage\",\"url\":\"https:\\\/\\\/kechbureau.ma\\\/wp-content\\\/uploads\\\/2021\\\/04\\\/26A.jpg\",\"contentUrl\":\"https:\\\/\\\/kechbureau.ma\\\/wp-content\\\/uploads\\\/2021\\\/04\\\/26A.jpg\",\"width\":1080,\"height\":1080},{\"@type\":\"BreadcrumbList\",\"@id\":\"https:\\\/\\\/kechbureau.ma\\\/?product=hp-26a-black-laserjet-toner-cartridge#breadcrumb\",\"itemListElement\":[{\"@type\":\"ListItem\",\"position\":1,\"name\":\"Accueil\",\"item\":\"https:\\\/\\\/kechbureau.ma\\\/\"},{\"@type\":\"ListItem\",\"position\":2,\"name\":\"Shop\",\"item\":\"https:\\\/\\\/kechbureau.ma\\\/?page_id=3853\"},{\"@type\":\"ListItem\",\"position\":3,\"name\":\"HP 26A Black LaserJet Toner Cartridge\"}]},{\"@type\":\"WebSite\",\"@id\":\"https:\\\/\\\/kechbureau.ma\\\/#website\",\"url\":\"https:\\\/\\\/kechbureau.ma\\\/\",\"name\":\"KECH BUREAU\",\"description\":\"MARRAKECH BUREAU\",\"potentialAction\":[{\"@type\":\"SearchAction\",\"target\":{\"@type\":\"EntryPoint\",\"urlTemplate\":\"https:\\\/\\\/kechbureau.ma\\\/?s={search_term_string}\"},\"query-input\":{\"@type\":\"PropertyValueSpecification\",\"valueRequired\":true,\"valueName\":\"search_term_string\"}}],\"inLanguage\":\"fr-FR\"}]}<\/script>\n<!-- \/ Yoast SEO plugin. -->","yoast_head_json":{"title":"HP 26A Black LaserJet Toner Cartridge - KECH BUREAU","robots":{"index":"index","follow":"follow","max-snippet":"max-snippet:-1","max-image-preview":"max-image-preview:large","max-video-preview":"max-video-preview:-1"},"canonical":"https:\/\/kechbureau.ma\/?product=hp-26a-black-laserjet-toner-cartridge","og_locale":"fr_FR","og_type":"article","og_title":"HP 26A Black LaserJet Toner Cartridge - KECH BUREAU","og_description":"Couleur noir Contenance 3100 pages (\u00e0 un taux de couverture de 5%) R\u00e9f\u00e9rence originale HP CF226A R\u00e9f\u00e9rence Tinkco CF226A Exp\u00e9dition Exp\u00e9di\u00e9 sous 24\/48h\u00a0pour toute commande pass\u00e9e avant midi (jours ouvr\u00e9s).","og_url":"https:\/\/kechbureau.ma\/?product=hp-26a-black-laserjet-toner-cartridge","og_site_name":"KECH BUREAU","article_modified_time":"2021-04-05T13:31:55+00:00","og_image":[{"width":1080,"height":1080,"url":"https:\/\/kechbureau.ma\/wp-content\/uploads\/2021\/04\/26A.jpg","type":"image\/jpeg"}],"twitter_card":"summary_large_image","schema":{"@context":"https:\/\/schema.org","@graph":[{"@type":"WebPage","@id":"https:\/\/kechbureau.ma\/?product=hp-26a-black-laserjet-toner-cartridge","url":"https:\/\/kechbureau.ma\/?product=hp-26a-black-laserjet-toner-cartridge","name":"HP 26A Black LaserJet Toner Cartridge - KECH BUREAU","isPartOf":{"@id":"https:\/\/kechbureau.ma\/#website"},"primaryImageOfPage":{"@id":"https:\/\/kechbureau.ma\/?product=hp-26a-black-laserjet-toner-cartridge#primaryimage"},"image":{"@id":"https:\/\/kechbureau.ma\/?product=hp-26a-black-laserjet-toner-cartridge#primaryimage"},"thumbnailUrl":"https:\/\/kechbureau.ma\/wp-content\/uploads\/2021\/04\/26A.jpg","datePublished":"2021-04-05T13:29:08+00:00","dateModified":"2021-04-05T13:31:55+00:00","breadcrumb":{"@id":"https:\/\/kechbureau.ma\/?product=hp-26a-black-laserjet-toner-cartridge#breadcrumb"},"inLanguage":"fr-FR","potentialAction":[{"@type":"ReadAction","target":["https:\/\/kechbureau.ma\/?product=hp-26a-black-laserjet-toner-cartridge"]}]},{"@type":"ImageObject","inLanguage":"fr-FR","@id":"https:\/\/kechbureau.ma\/?product=hp-26a-black-laserjet-toner-cartridge#primaryimage","url":"https:\/\/kechbureau.ma\/wp-content\/uploads\/2021\/04\/26A.jpg","contentUrl":"https:\/\/kechbureau.ma\/wp-content\/uploads\/2021\/04\/26A.jpg","width":1080,"height":1080},{"@type":"BreadcrumbList","@id":"https:\/\/kechbureau.ma\/?product=hp-26a-black-laserjet-toner-cartridge#breadcrumb","itemListElement":[{"@type":"ListItem","position":1,"name":"Accueil","item":"https:\/\/kechbureau.ma\/"},{"@type":"ListItem","position":2,"name":"Shop","item":"https:\/\/kechbureau.ma\/?page_id=3853"},{"@type":"ListItem","position":3,"name":"HP 26A Black LaserJet Toner Cartridge"}]},{"@type":"WebSite","@id":"https:\/\/kechbureau.ma\/#website","url":"https:\/\/kechbureau.ma\/","name":"KECH BUREAU","description":"MARRAKECH BUREAU","potentialAction":[{"@type":"SearchAction","target":{"@type":"EntryPoint","urlTemplate":"https:\/\/kechbureau.ma\/?s={search_term_string}"},"query-input":{"@type":"PropertyValueSpecification","valueRequired":true,"valueName":"search_term_string"}}],"inLanguage":"fr-FR"}]}},"_links":{"self":[{"href":"https:\/\/kechbureau.ma\/index.php?rest_route=\/wp\/v2\/product\/11864","targetHints":{"allow":["GET"]}}],"collection":[{"href":"https:\/\/kechbureau.ma\/index.php?rest_route=\/wp\/v2\/product"}],"about":[{"href":"https:\/\/kechbureau.ma\/index.php?rest_route=\/wp\/v2\/types\/product"}],"replies":[{"embeddable":true,"href":"https:\/\/kechbureau.ma\/index.php?rest_route=%2Fwp%2Fv2%2Fcomments&post=11864"}],"wp:featuredmedia":[{"embeddable":true,"href":"https:\/\/kechbureau.ma\/index.php?rest_route=\/wp\/v2\/media\/11865"}],"wp:attachment":[{"href":"https:\/\/kechbureau.ma\/index.php?rest_route=%2Fwp%2Fv2%2Fmedia&parent=11864"}],"wp:term":[{"taxonomy":"product_brand","embeddable":true,"href":"https:\/\/kechbureau.ma\/index.php?rest_route=%2Fwp%2Fv2%2Fproduct_brand&post=11864"},{"taxonomy":"product_cat","embeddable":true,"href":"https:\/\/kechbureau.ma\/index.php?rest_route=%2Fwp%2Fv2%2Fproduct_cat&post=11864"},{"taxonomy":"product_tag","embeddable":true,"href":"https:\/\/kechbureau.ma\/index.php?rest_route=%2Fwp%2Fv2%2Fproduct_tag&post=11864"}],"curies":[{"name":"wp","href":"https:\/\/api.w.org\/{rel}","templated":true}]}}