{"id":11854,"date":"2021-04-05T12:13:52","date_gmt":"2021-04-05T10:13:52","guid":{"rendered":"https:\/\/kechbureau.ma\/?post_type=product&#038;p=11854"},"modified":"2025-07-09T03:05:06","modified_gmt":"2025-07-09T01:05:06","slug":"kyocera-fs-1120mfp-monochrome","status":"publish","type":"product","link":"https:\/\/kechbureau.ma\/?product=kyocera-fs-1120mfp-monochrome","title":{"rendered":"KYOCERA FS-1120MFP MONOCHROME SCAN FAX IMP COPY"},"content":{"rendered":"<div class=\"row\">\n<div class=\"col-lg-12 col-md-12 col-sm-12 col-xs-12\">\n<p><strong>MARQUE\u00a0<\/strong>: Kyocera<\/p>\n<p><strong>COULEUR<\/strong>\u00a0: Mono<\/p>\n<p><strong>FORMAT<\/strong>\u00a0 :\u00a0A4<\/p>\n<p><strong>VITESSE NOIR &amp; BLANC\u00a0<\/strong>: 20 PPM<\/p>\n<p><strong>RECTO VERSO<\/strong>\u00a0: Manuel<\/p>\n<p><strong>TYPE CONSOMMABLE<\/strong>\u00a0: TONER<\/p>\n<p><strong>TYPE<\/strong>\u00a0 : Impression, Copie, Scan, Fax, MFP 4en1<\/p>\n<h2>INFORMATIONS PRODUITS<\/h2>\n<div class=\"conrichtext\">\n<ul>\n<li>Jusqu\u2019\u00e0 20 pages par minute en A4<\/li>\n<\/ul>\n<\/div>\n<\/div>\n<\/div>\n<div class=\"row\">\n<div class=\"col-lg-12 col-md-12 col-sm-12 col-xs-12\">\n<div class=\"conrichtext\">\n<ul>\n<li>Fonctions impression, copie et scan en standard<\/li>\n<li>40 fiches document processeur<\/li>\n<li>Ecran LCD pour une facilit\u00e9 d\u2019utilisation<\/li>\n<li>Design compact \u00e0 faible encombrement, il ne prend pas de place<\/li>\n<li>sur le bureau<\/li>\n<li>Tr\u00e8s fiable gr\u00e2ce aux composants \u00e0 longue dur\u00e9e de vie<\/li>\n<li>Grande capacit\u00e9 de cartouche de toner<\/li>\n<li>Co\u00fbt d\u2019impression exceptionnellement bas<\/li>\n<\/ul>\n<p>Le chargeur de documents de 40 feuilles et le fax standard font du FS-1120MFP un multifonction robuste pour les petits bureaux. Il imprime jusqu\u2019\u00e0 20 ppm en noir et blanc et son \u00e9cran LCD 2 lignes facilite les op\u00e9rations. Les composants longue dur\u00e9e de vie et la capacit\u00e9 de la cartouche de toner de 1600 pages permettent de r\u00e9duire les co\u00fbts d\u2019impressions.<\/p>\n<\/div>\n<\/div>\n<\/div>\n","protected":false},"excerpt":{"rendered":"<p>MARQUE\u00a0: Kyocera COULEUR\u00a0: Mono FORMAT\u00a0 :\u00a0A4 VITESSE NOIR &amp; BLANC\u00a0: 20 PPM RECTO VERSO\u00a0: Manuel TYPE CONSOMMABLE\u00a0: TONER TYPE\u00a0 : Impression, Copie, Scan, Fax, MFP 4en1 INFORMATIONS PRODUITS Jusqu\u2019\u00e0 20<\/p>\n","protected":false},"featured_media":11855,"comment_status":"open","ping_status":"closed","template":"","meta":{"kk_blocks_editor_width":"","_kiokenblocks_attr":"","_kiokenblocks_dimensions":""},"product_brand":[],"product_cat":[420,500],"product_tag":[],"class_list":{"0":"post-11854","1":"product","2":"type-product","3":"status-publish","4":"has-post-thumbnail","6":"product_cat-printers-ink","7":"product_cat-printers-laser","9":"first","10":"outofstock","11":"sale","12":"taxable","13":"shipping-taxable","14":"purchasable","15":"product-type-simple"},"yoast_head":"<!-- This site is optimized with the Yoast SEO plugin v27.5 - https:\/\/yoast.com\/product\/yoast-seo-wordpress\/ -->\n<title>KYOCERA FS-1120MFP MONOCHROME SCAN FAX IMP COPY - KECH BUREAU<\/title>\n<meta name=\"robots\" content=\"index, follow, max-snippet:-1, max-image-preview:large, max-video-preview:-1\" \/>\n<link rel=\"canonical\" href=\"https:\/\/kechbureau.ma\/?product=kyocera-fs-1120mfp-monochrome\" \/>\n<meta property=\"og:locale\" content=\"fr_FR\" \/>\n<meta property=\"og:type\" content=\"article\" \/>\n<meta property=\"og:title\" content=\"KYOCERA FS-1120MFP MONOCHROME SCAN FAX IMP COPY - KECH BUREAU\" \/>\n<meta property=\"og:description\" content=\"MARQUE\u00a0: Kyocera COULEUR\u00a0: Mono FORMAT\u00a0 :\u00a0A4 VITESSE NOIR &amp; BLANC\u00a0: 20 PPM RECTO VERSO\u00a0: Manuel TYPE CONSOMMABLE\u00a0: TONER TYPE\u00a0 : Impression, Copie, Scan, Fax, MFP 4en1 INFORMATIONS PRODUITS Jusqu\u2019\u00e0 20\" \/>\n<meta property=\"og:url\" content=\"https:\/\/kechbureau.ma\/?product=kyocera-fs-1120mfp-monochrome\" \/>\n<meta property=\"og:site_name\" content=\"KECH BUREAU\" \/>\n<meta property=\"article:modified_time\" content=\"2025-07-09T01:05:06+00:00\" \/>\n<meta property=\"og:image\" content=\"https:\/\/kechbureau.ma\/wp-content\/uploads\/2021\/04\/b2_2_1.jpg\" \/>\n\t<meta property=\"og:image:width\" content=\"1000\" \/>\n\t<meta property=\"og:image:height\" content=\"1320\" \/>\n\t<meta property=\"og:image:type\" content=\"image\/jpeg\" \/>\n<meta name=\"twitter:card\" content=\"summary_large_image\" \/>\n<meta name=\"twitter:label1\" content=\"Dur\u00e9e de lecture estim\u00e9e\" \/>\n\t<meta name=\"twitter:data1\" content=\"1 minute\" \/>\n<script type=\"application\/ld+json\" class=\"yoast-schema-graph\">{\"@context\":\"https:\\\/\\\/schema.org\",\"@graph\":[{\"@type\":\"WebPage\",\"@id\":\"https:\\\/\\\/kechbureau.ma\\\/?product=kyocera-fs-1120mfp-monochrome\",\"url\":\"https:\\\/\\\/kechbureau.ma\\\/?product=kyocera-fs-1120mfp-monochrome\",\"name\":\"KYOCERA FS-1120MFP MONOCHROME SCAN FAX IMP COPY - KECH BUREAU\",\"isPartOf\":{\"@id\":\"https:\\\/\\\/kechbureau.ma\\\/#website\"},\"primaryImageOfPage\":{\"@id\":\"https:\\\/\\\/kechbureau.ma\\\/?product=kyocera-fs-1120mfp-monochrome#primaryimage\"},\"image\":{\"@id\":\"https:\\\/\\\/kechbureau.ma\\\/?product=kyocera-fs-1120mfp-monochrome#primaryimage\"},\"thumbnailUrl\":\"https:\\\/\\\/kechbureau.ma\\\/wp-content\\\/uploads\\\/2021\\\/04\\\/b2_2_1.jpg\",\"datePublished\":\"2021-04-05T10:13:52+00:00\",\"dateModified\":\"2025-07-09T01:05:06+00:00\",\"breadcrumb\":{\"@id\":\"https:\\\/\\\/kechbureau.ma\\\/?product=kyocera-fs-1120mfp-monochrome#breadcrumb\"},\"inLanguage\":\"fr-FR\",\"potentialAction\":[{\"@type\":\"ReadAction\",\"target\":[\"https:\\\/\\\/kechbureau.ma\\\/?product=kyocera-fs-1120mfp-monochrome\"]}]},{\"@type\":\"ImageObject\",\"inLanguage\":\"fr-FR\",\"@id\":\"https:\\\/\\\/kechbureau.ma\\\/?product=kyocera-fs-1120mfp-monochrome#primaryimage\",\"url\":\"https:\\\/\\\/kechbureau.ma\\\/wp-content\\\/uploads\\\/2021\\\/04\\\/b2_2_1.jpg\",\"contentUrl\":\"https:\\\/\\\/kechbureau.ma\\\/wp-content\\\/uploads\\\/2021\\\/04\\\/b2_2_1.jpg\",\"width\":1000,\"height\":1320},{\"@type\":\"BreadcrumbList\",\"@id\":\"https:\\\/\\\/kechbureau.ma\\\/?product=kyocera-fs-1120mfp-monochrome#breadcrumb\",\"itemListElement\":[{\"@type\":\"ListItem\",\"position\":1,\"name\":\"Accueil\",\"item\":\"https:\\\/\\\/kechbureau.ma\\\/\"},{\"@type\":\"ListItem\",\"position\":2,\"name\":\"Shop\",\"item\":\"https:\\\/\\\/kechbureau.ma\\\/?page_id=3853\"},{\"@type\":\"ListItem\",\"position\":3,\"name\":\"KYOCERA FS-1120MFP MONOCHROME SCAN FAX IMP COPY\"}]},{\"@type\":\"WebSite\",\"@id\":\"https:\\\/\\\/kechbureau.ma\\\/#website\",\"url\":\"https:\\\/\\\/kechbureau.ma\\\/\",\"name\":\"KECH BUREAU\",\"description\":\"MARRAKECH BUREAU\",\"potentialAction\":[{\"@type\":\"SearchAction\",\"target\":{\"@type\":\"EntryPoint\",\"urlTemplate\":\"https:\\\/\\\/kechbureau.ma\\\/?s={search_term_string}\"},\"query-input\":{\"@type\":\"PropertyValueSpecification\",\"valueRequired\":true,\"valueName\":\"search_term_string\"}}],\"inLanguage\":\"fr-FR\"}]}<\/script>\n<!-- \/ Yoast SEO plugin. -->","yoast_head_json":{"title":"KYOCERA FS-1120MFP MONOCHROME SCAN FAX IMP COPY - KECH BUREAU","robots":{"index":"index","follow":"follow","max-snippet":"max-snippet:-1","max-image-preview":"max-image-preview:large","max-video-preview":"max-video-preview:-1"},"canonical":"https:\/\/kechbureau.ma\/?product=kyocera-fs-1120mfp-monochrome","og_locale":"fr_FR","og_type":"article","og_title":"KYOCERA FS-1120MFP MONOCHROME SCAN FAX IMP COPY - KECH BUREAU","og_description":"MARQUE\u00a0: Kyocera COULEUR\u00a0: Mono FORMAT\u00a0 :\u00a0A4 VITESSE NOIR &amp; BLANC\u00a0: 20 PPM RECTO VERSO\u00a0: Manuel TYPE CONSOMMABLE\u00a0: TONER TYPE\u00a0 : Impression, Copie, Scan, Fax, MFP 4en1 INFORMATIONS PRODUITS Jusqu\u2019\u00e0 20","og_url":"https:\/\/kechbureau.ma\/?product=kyocera-fs-1120mfp-monochrome","og_site_name":"KECH BUREAU","article_modified_time":"2025-07-09T01:05:06+00:00","og_image":[{"width":1000,"height":1320,"url":"https:\/\/kechbureau.ma\/wp-content\/uploads\/2021\/04\/b2_2_1.jpg","type":"image\/jpeg"}],"twitter_card":"summary_large_image","twitter_misc":{"Dur\u00e9e de lecture estim\u00e9e":"1 minute"},"schema":{"@context":"https:\/\/schema.org","@graph":[{"@type":"WebPage","@id":"https:\/\/kechbureau.ma\/?product=kyocera-fs-1120mfp-monochrome","url":"https:\/\/kechbureau.ma\/?product=kyocera-fs-1120mfp-monochrome","name":"KYOCERA FS-1120MFP MONOCHROME SCAN FAX IMP COPY - KECH BUREAU","isPartOf":{"@id":"https:\/\/kechbureau.ma\/#website"},"primaryImageOfPage":{"@id":"https:\/\/kechbureau.ma\/?product=kyocera-fs-1120mfp-monochrome#primaryimage"},"image":{"@id":"https:\/\/kechbureau.ma\/?product=kyocera-fs-1120mfp-monochrome#primaryimage"},"thumbnailUrl":"https:\/\/kechbureau.ma\/wp-content\/uploads\/2021\/04\/b2_2_1.jpg","datePublished":"2021-04-05T10:13:52+00:00","dateModified":"2025-07-09T01:05:06+00:00","breadcrumb":{"@id":"https:\/\/kechbureau.ma\/?product=kyocera-fs-1120mfp-monochrome#breadcrumb"},"inLanguage":"fr-FR","potentialAction":[{"@type":"ReadAction","target":["https:\/\/kechbureau.ma\/?product=kyocera-fs-1120mfp-monochrome"]}]},{"@type":"ImageObject","inLanguage":"fr-FR","@id":"https:\/\/kechbureau.ma\/?product=kyocera-fs-1120mfp-monochrome#primaryimage","url":"https:\/\/kechbureau.ma\/wp-content\/uploads\/2021\/04\/b2_2_1.jpg","contentUrl":"https:\/\/kechbureau.ma\/wp-content\/uploads\/2021\/04\/b2_2_1.jpg","width":1000,"height":1320},{"@type":"BreadcrumbList","@id":"https:\/\/kechbureau.ma\/?product=kyocera-fs-1120mfp-monochrome#breadcrumb","itemListElement":[{"@type":"ListItem","position":1,"name":"Accueil","item":"https:\/\/kechbureau.ma\/"},{"@type":"ListItem","position":2,"name":"Shop","item":"https:\/\/kechbureau.ma\/?page_id=3853"},{"@type":"ListItem","position":3,"name":"KYOCERA FS-1120MFP MONOCHROME SCAN FAX IMP COPY"}]},{"@type":"WebSite","@id":"https:\/\/kechbureau.ma\/#website","url":"https:\/\/kechbureau.ma\/","name":"KECH BUREAU","description":"MARRAKECH BUREAU","potentialAction":[{"@type":"SearchAction","target":{"@type":"EntryPoint","urlTemplate":"https:\/\/kechbureau.ma\/?s={search_term_string}"},"query-input":{"@type":"PropertyValueSpecification","valueRequired":true,"valueName":"search_term_string"}}],"inLanguage":"fr-FR"}]}},"_links":{"self":[{"href":"https:\/\/kechbureau.ma\/index.php?rest_route=\/wp\/v2\/product\/11854","targetHints":{"allow":["GET"]}}],"collection":[{"href":"https:\/\/kechbureau.ma\/index.php?rest_route=\/wp\/v2\/product"}],"about":[{"href":"https:\/\/kechbureau.ma\/index.php?rest_route=\/wp\/v2\/types\/product"}],"replies":[{"embeddable":true,"href":"https:\/\/kechbureau.ma\/index.php?rest_route=%2Fwp%2Fv2%2Fcomments&post=11854"}],"wp:featuredmedia":[{"embeddable":true,"href":"https:\/\/kechbureau.ma\/index.php?rest_route=\/wp\/v2\/media\/11855"}],"wp:attachment":[{"href":"https:\/\/kechbureau.ma\/index.php?rest_route=%2Fwp%2Fv2%2Fmedia&parent=11854"}],"wp:term":[{"taxonomy":"product_brand","embeddable":true,"href":"https:\/\/kechbureau.ma\/index.php?rest_route=%2Fwp%2Fv2%2Fproduct_brand&post=11854"},{"taxonomy":"product_cat","embeddable":true,"href":"https:\/\/kechbureau.ma\/index.php?rest_route=%2Fwp%2Fv2%2Fproduct_cat&post=11854"},{"taxonomy":"product_tag","embeddable":true,"href":"https:\/\/kechbureau.ma\/index.php?rest_route=%2Fwp%2Fv2%2Fproduct_tag&post=11854"}],"curies":[{"name":"wp","href":"https:\/\/api.w.org\/{rel}","templated":true}]}}