{"id":11813,"date":"2021-04-02T20:27:28","date_gmt":"2021-04-02T18:27:28","guid":{"rendered":"https:\/\/kechbureau.ma\/?post_type=product&#038;p=11813"},"modified":"2021-04-02T20:27:29","modified_gmt":"2021-04-02T18:27:29","slug":"hp-workstation-z400-xeon-w3550-8go-500-go-nvidia-geforce","status":"publish","type":"product","link":"https:\/\/kechbureau.ma\/?product=hp-workstation-z400-xeon-w3550-8go-500-go-nvidia-geforce","title":{"rendered":"HP Workstation Z400 \u2013 Xeon W3550 \/ 8Go \/ 500 Go NVIDIA GeForce"},"content":{"rendered":"<p><b>Description du produit :<\/b><\/p>\n<p>Avec sa nouvelle architecture r\u00e9volutionnaire et son nouveau design audacieux, la station de travail HP Z400 vous aide \u00e0 \u00eatre plus productif \u00e0 chaque instant et \u00e0 tirer le meilleur profit de votre investissement.<\/p>\n<ul>\n<li>Facteur de forme : Mini-tour convertible<\/li>\n<li>Type de produit : Station de travail<\/li>\n<\/ul>\n<p>&nbsp;<\/p>\n<ul>\n<li>Processor :\u00a0\u00a0Intel\u00ae Xeon\u00ae W3550 @ 3.07GHz<\/li>\n<li>RAM :\u00a08\u00a0Go DDR3 ECC<\/li>\n<li>Disque dur:\u00a0500 Go<\/li>\n<li>Carte graphique :\u00a0Nvidia GeForce GTX 260<\/li>\n<li>Graveur DVD<\/li>\n<li>Syst\u00e8me d\u2019exploitation :\u00a0\u00a0Windows 10\u00a0Professionnel 64 bits<\/li>\n<li>Interfaces : 8 x USB 2.0 ( 2 \u00e0 l\u2019avant, 6 \u00e0 l\u2019arri\u00e8re ) \u00a6 1 x clavier PS\/2 \u00a6 1 x souris PS\/2 \u00a6 1 x LAN (Gigabit Ethernet) \u00a6 1 x entr\u00e9e de ligne audio \u00a6 1 x sortie de ligne audio \u00a6 2 x microphone ( 1 \u00e0 l\u2019avant ) \u00a6 1 x casque ( 1 \u00e0 l\u2019avant ) \u00a6 1 x FireWire<\/li>\n<li>Interfaces vid\u00e9o : 2 x DVI<\/li>\n<li>Alimentation fournie :\u00a0475 Watt<\/li>\n<li>Couleur : Alliage m\u00e9tallique, noir Jack<\/li>\n<li>Poids : 13.5 kg<\/li>\n<\/ul>\n<h4><strong>\u00c9tat : Remis a neuf<\/strong><\/h4>\n<h4><strong>Garantie : 6 Mois<\/strong><\/h4>\n","protected":false},"excerpt":{"rendered":"<p>Description du produit : Avec sa nouvelle architecture r\u00e9volutionnaire et son nouveau design audacieux, la station de travail HP Z400 vous aide \u00e0 \u00eatre plus productif \u00e0 chaque instant et<\/p>\n","protected":false},"featured_media":11814,"comment_status":"open","ping_status":"closed","template":"","meta":{"kk_blocks_editor_width":"","_kiokenblocks_attr":"","_kiokenblocks_dimensions":""},"product_brand":[],"product_cat":[463],"product_tag":[],"class_list":{"0":"post-11813","1":"product","2":"type-product","3":"status-publish","4":"has-post-thumbnail","6":"product_cat-unites-centrales-reconditionnees","8":"first","9":"instock","10":"sale","11":"taxable","12":"shipping-taxable","13":"purchasable","14":"product-type-simple"},"yoast_head":"<!-- This site is optimized with the Yoast SEO plugin v27.5 - https:\/\/yoast.com\/product\/yoast-seo-wordpress\/ -->\n<title>HP Workstation Z400 \u2013 Xeon W3550 \/ 8Go \/ 500 Go NVIDIA GeForce - KECH BUREAU<\/title>\n<meta name=\"robots\" content=\"index, follow, max-snippet:-1, max-image-preview:large, max-video-preview:-1\" \/>\n<link rel=\"canonical\" href=\"https:\/\/kechbureau.ma\/?product=hp-workstation-z400-xeon-w3550-8go-500-go-nvidia-geforce\" \/>\n<meta property=\"og:locale\" content=\"fr_FR\" \/>\n<meta property=\"og:type\" content=\"article\" \/>\n<meta property=\"og:title\" content=\"HP Workstation Z400 \u2013 Xeon W3550 \/ 8Go \/ 500 Go NVIDIA GeForce - KECH BUREAU\" \/>\n<meta property=\"og:description\" content=\"Description du produit : Avec sa nouvelle architecture r\u00e9volutionnaire et son nouveau design audacieux, la station de travail HP Z400 vous aide \u00e0 \u00eatre plus productif \u00e0 chaque instant et\" \/>\n<meta property=\"og:url\" content=\"https:\/\/kechbureau.ma\/?product=hp-workstation-z400-xeon-w3550-8go-500-go-nvidia-geforce\" \/>\n<meta property=\"og:site_name\" content=\"KECH BUREAU\" \/>\n<meta property=\"article:modified_time\" content=\"2021-04-02T18:27:29+00:00\" \/>\n<meta property=\"og:image\" content=\"https:\/\/kechbureau.ma\/wp-content\/uploads\/2021\/04\/HP-Z400-01.jpg\" \/>\n\t<meta property=\"og:image:width\" content=\"1000\" \/>\n\t<meta property=\"og:image:height\" content=\"1002\" \/>\n\t<meta property=\"og:image:type\" content=\"image\/jpeg\" \/>\n<meta name=\"twitter:card\" content=\"summary_large_image\" \/>\n<meta name=\"twitter:label1\" content=\"Dur\u00e9e de lecture estim\u00e9e\" \/>\n\t<meta name=\"twitter:data1\" content=\"1 minute\" \/>\n<script type=\"application\/ld+json\" class=\"yoast-schema-graph\">{\"@context\":\"https:\\\/\\\/schema.org\",\"@graph\":[{\"@type\":\"WebPage\",\"@id\":\"https:\\\/\\\/kechbureau.ma\\\/?product=hp-workstation-z400-xeon-w3550-8go-500-go-nvidia-geforce\",\"url\":\"https:\\\/\\\/kechbureau.ma\\\/?product=hp-workstation-z400-xeon-w3550-8go-500-go-nvidia-geforce\",\"name\":\"HP Workstation Z400 \u2013 Xeon W3550 \\\/ 8Go \\\/ 500 Go NVIDIA GeForce - KECH BUREAU\",\"isPartOf\":{\"@id\":\"https:\\\/\\\/kechbureau.ma\\\/#website\"},\"primaryImageOfPage\":{\"@id\":\"https:\\\/\\\/kechbureau.ma\\\/?product=hp-workstation-z400-xeon-w3550-8go-500-go-nvidia-geforce#primaryimage\"},\"image\":{\"@id\":\"https:\\\/\\\/kechbureau.ma\\\/?product=hp-workstation-z400-xeon-w3550-8go-500-go-nvidia-geforce#primaryimage\"},\"thumbnailUrl\":\"https:\\\/\\\/kechbureau.ma\\\/wp-content\\\/uploads\\\/2021\\\/04\\\/HP-Z400-01.jpg\",\"datePublished\":\"2021-04-02T18:27:28+00:00\",\"dateModified\":\"2021-04-02T18:27:29+00:00\",\"breadcrumb\":{\"@id\":\"https:\\\/\\\/kechbureau.ma\\\/?product=hp-workstation-z400-xeon-w3550-8go-500-go-nvidia-geforce#breadcrumb\"},\"inLanguage\":\"fr-FR\",\"potentialAction\":[{\"@type\":\"ReadAction\",\"target\":[\"https:\\\/\\\/kechbureau.ma\\\/?product=hp-workstation-z400-xeon-w3550-8go-500-go-nvidia-geforce\"]}]},{\"@type\":\"ImageObject\",\"inLanguage\":\"fr-FR\",\"@id\":\"https:\\\/\\\/kechbureau.ma\\\/?product=hp-workstation-z400-xeon-w3550-8go-500-go-nvidia-geforce#primaryimage\",\"url\":\"https:\\\/\\\/kechbureau.ma\\\/wp-content\\\/uploads\\\/2021\\\/04\\\/HP-Z400-01.jpg\",\"contentUrl\":\"https:\\\/\\\/kechbureau.ma\\\/wp-content\\\/uploads\\\/2021\\\/04\\\/HP-Z400-01.jpg\",\"width\":1000,\"height\":1002},{\"@type\":\"BreadcrumbList\",\"@id\":\"https:\\\/\\\/kechbureau.ma\\\/?product=hp-workstation-z400-xeon-w3550-8go-500-go-nvidia-geforce#breadcrumb\",\"itemListElement\":[{\"@type\":\"ListItem\",\"position\":1,\"name\":\"Accueil\",\"item\":\"https:\\\/\\\/kechbureau.ma\\\/\"},{\"@type\":\"ListItem\",\"position\":2,\"name\":\"Shop\",\"item\":\"https:\\\/\\\/kechbureau.ma\\\/?page_id=3853\"},{\"@type\":\"ListItem\",\"position\":3,\"name\":\"HP Workstation Z400 \u2013 Xeon W3550 \\\/ 8Go \\\/ 500 Go NVIDIA GeForce\"}]},{\"@type\":\"WebSite\",\"@id\":\"https:\\\/\\\/kechbureau.ma\\\/#website\",\"url\":\"https:\\\/\\\/kechbureau.ma\\\/\",\"name\":\"KECH BUREAU\",\"description\":\"MARRAKECH BUREAU\",\"potentialAction\":[{\"@type\":\"SearchAction\",\"target\":{\"@type\":\"EntryPoint\",\"urlTemplate\":\"https:\\\/\\\/kechbureau.ma\\\/?s={search_term_string}\"},\"query-input\":{\"@type\":\"PropertyValueSpecification\",\"valueRequired\":true,\"valueName\":\"search_term_string\"}}],\"inLanguage\":\"fr-FR\"}]}<\/script>\n<!-- \/ Yoast SEO plugin. -->","yoast_head_json":{"title":"HP Workstation Z400 \u2013 Xeon W3550 \/ 8Go \/ 500 Go NVIDIA GeForce - KECH BUREAU","robots":{"index":"index","follow":"follow","max-snippet":"max-snippet:-1","max-image-preview":"max-image-preview:large","max-video-preview":"max-video-preview:-1"},"canonical":"https:\/\/kechbureau.ma\/?product=hp-workstation-z400-xeon-w3550-8go-500-go-nvidia-geforce","og_locale":"fr_FR","og_type":"article","og_title":"HP Workstation Z400 \u2013 Xeon W3550 \/ 8Go \/ 500 Go NVIDIA GeForce - KECH BUREAU","og_description":"Description du produit : Avec sa nouvelle architecture r\u00e9volutionnaire et son nouveau design audacieux, la station de travail HP Z400 vous aide \u00e0 \u00eatre plus productif \u00e0 chaque instant et","og_url":"https:\/\/kechbureau.ma\/?product=hp-workstation-z400-xeon-w3550-8go-500-go-nvidia-geforce","og_site_name":"KECH BUREAU","article_modified_time":"2021-04-02T18:27:29+00:00","og_image":[{"width":1000,"height":1002,"url":"https:\/\/kechbureau.ma\/wp-content\/uploads\/2021\/04\/HP-Z400-01.jpg","type":"image\/jpeg"}],"twitter_card":"summary_large_image","twitter_misc":{"Dur\u00e9e de lecture estim\u00e9e":"1 minute"},"schema":{"@context":"https:\/\/schema.org","@graph":[{"@type":"WebPage","@id":"https:\/\/kechbureau.ma\/?product=hp-workstation-z400-xeon-w3550-8go-500-go-nvidia-geforce","url":"https:\/\/kechbureau.ma\/?product=hp-workstation-z400-xeon-w3550-8go-500-go-nvidia-geforce","name":"HP Workstation Z400 \u2013 Xeon W3550 \/ 8Go \/ 500 Go NVIDIA GeForce - KECH BUREAU","isPartOf":{"@id":"https:\/\/kechbureau.ma\/#website"},"primaryImageOfPage":{"@id":"https:\/\/kechbureau.ma\/?product=hp-workstation-z400-xeon-w3550-8go-500-go-nvidia-geforce#primaryimage"},"image":{"@id":"https:\/\/kechbureau.ma\/?product=hp-workstation-z400-xeon-w3550-8go-500-go-nvidia-geforce#primaryimage"},"thumbnailUrl":"https:\/\/kechbureau.ma\/wp-content\/uploads\/2021\/04\/HP-Z400-01.jpg","datePublished":"2021-04-02T18:27:28+00:00","dateModified":"2021-04-02T18:27:29+00:00","breadcrumb":{"@id":"https:\/\/kechbureau.ma\/?product=hp-workstation-z400-xeon-w3550-8go-500-go-nvidia-geforce#breadcrumb"},"inLanguage":"fr-FR","potentialAction":[{"@type":"ReadAction","target":["https:\/\/kechbureau.ma\/?product=hp-workstation-z400-xeon-w3550-8go-500-go-nvidia-geforce"]}]},{"@type":"ImageObject","inLanguage":"fr-FR","@id":"https:\/\/kechbureau.ma\/?product=hp-workstation-z400-xeon-w3550-8go-500-go-nvidia-geforce#primaryimage","url":"https:\/\/kechbureau.ma\/wp-content\/uploads\/2021\/04\/HP-Z400-01.jpg","contentUrl":"https:\/\/kechbureau.ma\/wp-content\/uploads\/2021\/04\/HP-Z400-01.jpg","width":1000,"height":1002},{"@type":"BreadcrumbList","@id":"https:\/\/kechbureau.ma\/?product=hp-workstation-z400-xeon-w3550-8go-500-go-nvidia-geforce#breadcrumb","itemListElement":[{"@type":"ListItem","position":1,"name":"Accueil","item":"https:\/\/kechbureau.ma\/"},{"@type":"ListItem","position":2,"name":"Shop","item":"https:\/\/kechbureau.ma\/?page_id=3853"},{"@type":"ListItem","position":3,"name":"HP Workstation Z400 \u2013 Xeon W3550 \/ 8Go \/ 500 Go NVIDIA GeForce"}]},{"@type":"WebSite","@id":"https:\/\/kechbureau.ma\/#website","url":"https:\/\/kechbureau.ma\/","name":"KECH BUREAU","description":"MARRAKECH BUREAU","potentialAction":[{"@type":"SearchAction","target":{"@type":"EntryPoint","urlTemplate":"https:\/\/kechbureau.ma\/?s={search_term_string}"},"query-input":{"@type":"PropertyValueSpecification","valueRequired":true,"valueName":"search_term_string"}}],"inLanguage":"fr-FR"}]}},"_links":{"self":[{"href":"https:\/\/kechbureau.ma\/index.php?rest_route=\/wp\/v2\/product\/11813","targetHints":{"allow":["GET"]}}],"collection":[{"href":"https:\/\/kechbureau.ma\/index.php?rest_route=\/wp\/v2\/product"}],"about":[{"href":"https:\/\/kechbureau.ma\/index.php?rest_route=\/wp\/v2\/types\/product"}],"replies":[{"embeddable":true,"href":"https:\/\/kechbureau.ma\/index.php?rest_route=%2Fwp%2Fv2%2Fcomments&post=11813"}],"wp:featuredmedia":[{"embeddable":true,"href":"https:\/\/kechbureau.ma\/index.php?rest_route=\/wp\/v2\/media\/11814"}],"wp:attachment":[{"href":"https:\/\/kechbureau.ma\/index.php?rest_route=%2Fwp%2Fv2%2Fmedia&parent=11813"}],"wp:term":[{"taxonomy":"product_brand","embeddable":true,"href":"https:\/\/kechbureau.ma\/index.php?rest_route=%2Fwp%2Fv2%2Fproduct_brand&post=11813"},{"taxonomy":"product_cat","embeddable":true,"href":"https:\/\/kechbureau.ma\/index.php?rest_route=%2Fwp%2Fv2%2Fproduct_cat&post=11813"},{"taxonomy":"product_tag","embeddable":true,"href":"https:\/\/kechbureau.ma\/index.php?rest_route=%2Fwp%2Fv2%2Fproduct_tag&post=11813"}],"curies":[{"name":"wp","href":"https:\/\/api.w.org\/{rel}","templated":true}]}}