{"id":11797,"date":"2021-04-02T19:36:10","date_gmt":"2021-04-02T17:36:10","guid":{"rendered":"https:\/\/kechbureau.ma\/?post_type=product&#038;p=11797"},"modified":"2024-04-02T11:44:22","modified_gmt":"2024-04-02T09:44:22","slug":"cable-reseau-informatique-utp-cat6-dahua-305m-pfm920i-6u-u","status":"publish","type":"product","link":"https:\/\/kechbureau.ma\/?product=cable-reseau-informatique-utp-cat6-dahua-305m-pfm920i-6u-u","title":{"rendered":"C\u00e2ble R\u00e9seau Informatique UTP CAT6 Dahua 305m (PFM920I-6U-U)"},"content":{"rendered":"<p>305 m (1000 ft) \/ carton UTP CAT6, alimentation par Ethernet, compatible avec un c\u00e2ble<br \/>\nConducteur en cuivre sans oxyg\u00e8ne de haute puret\u00e9<br \/>\nGaine ext\u00e9rieure PVC personnalis\u00e9e; Certifi\u00e9 ANSI UL CM classe ignifuge<br \/>\nNormes ex\u00e9cutives: ANSI \/ TIA 568-C.2-2009, UL444-2008<br \/>\nCertification: UL CM<\/p>\n","protected":false},"excerpt":{"rendered":"<p>305 m (1000 ft) \/ carton UTP CAT6, alimentation par Ethernet, compatible avec un c\u00e2ble Conducteur en cuivre sans oxyg\u00e8ne de haute puret\u00e9 Gaine ext\u00e9rieure PVC personnalis\u00e9e; Certifi\u00e9 ANSI UL<\/p>\n","protected":false},"featured_media":11798,"comment_status":"open","ping_status":"closed","template":"","meta":{"kk_blocks_editor_width":"","_kiokenblocks_attr":"","_kiokenblocks_dimensions":""},"product_brand":[],"product_cat":[536,432],"product_tag":[],"class_list":{"0":"post-11797","1":"product","2":"type-product","3":"status-publish","4":"has-post-thumbnail","6":"product_cat-cables","7":"product_cat-ruseaux","9":"first","10":"instock","11":"sale","12":"taxable","13":"shipping-taxable","14":"purchasable","15":"product-type-simple"},"yoast_head":"<!-- This site is optimized with the Yoast SEO plugin v27.5 - https:\/\/yoast.com\/product\/yoast-seo-wordpress\/ -->\n<title>C\u00e2ble R\u00e9seau Informatique UTP CAT6 Dahua 305m (PFM920I-6U-U) - KECH BUREAU<\/title>\n<meta name=\"robots\" content=\"index, follow, max-snippet:-1, max-image-preview:large, max-video-preview:-1\" \/>\n<link rel=\"canonical\" href=\"https:\/\/kechbureau.ma\/?product=cable-reseau-informatique-utp-cat6-dahua-305m-pfm920i-6u-u\" \/>\n<meta property=\"og:locale\" content=\"fr_FR\" \/>\n<meta property=\"og:type\" content=\"article\" \/>\n<meta property=\"og:title\" content=\"C\u00e2ble R\u00e9seau Informatique UTP CAT6 Dahua 305m (PFM920I-6U-U) - KECH BUREAU\" \/>\n<meta property=\"og:description\" content=\"305 m (1000 ft) \/ carton UTP CAT6, alimentation par Ethernet, compatible avec un c\u00e2ble Conducteur en cuivre sans oxyg\u00e8ne de haute puret\u00e9 Gaine ext\u00e9rieure PVC personnalis\u00e9e; Certifi\u00e9 ANSI UL\" \/>\n<meta property=\"og:url\" content=\"https:\/\/kechbureau.ma\/?product=cable-reseau-informatique-utp-cat6-dahua-305m-pfm920i-6u-u\" \/>\n<meta property=\"og:site_name\" content=\"KECH BUREAU\" \/>\n<meta property=\"article:modified_time\" content=\"2024-04-02T09:44:22+00:00\" \/>\n<meta property=\"og:image\" content=\"https:\/\/kechbureau.ma\/wp-content\/uploads\/2021\/04\/cable-reseau-informatique-utp-cat6-dahua-305m-pfm920i-6u-u-e1617384957852.png\" \/>\n\t<meta property=\"og:image:width\" content=\"277\" \/>\n\t<meta property=\"og:image:height\" content=\"315\" \/>\n\t<meta property=\"og:image:type\" content=\"image\/png\" \/>\n<meta name=\"twitter:card\" content=\"summary_large_image\" \/>\n<script type=\"application\/ld+json\" class=\"yoast-schema-graph\">{\"@context\":\"https:\\\/\\\/schema.org\",\"@graph\":[{\"@type\":\"WebPage\",\"@id\":\"https:\\\/\\\/kechbureau.ma\\\/?product=cable-reseau-informatique-utp-cat6-dahua-305m-pfm920i-6u-u\",\"url\":\"https:\\\/\\\/kechbureau.ma\\\/?product=cable-reseau-informatique-utp-cat6-dahua-305m-pfm920i-6u-u\",\"name\":\"C\u00e2ble R\u00e9seau Informatique UTP CAT6 Dahua 305m (PFM920I-6U-U) - KECH BUREAU\",\"isPartOf\":{\"@id\":\"https:\\\/\\\/kechbureau.ma\\\/#website\"},\"primaryImageOfPage\":{\"@id\":\"https:\\\/\\\/kechbureau.ma\\\/?product=cable-reseau-informatique-utp-cat6-dahua-305m-pfm920i-6u-u#primaryimage\"},\"image\":{\"@id\":\"https:\\\/\\\/kechbureau.ma\\\/?product=cable-reseau-informatique-utp-cat6-dahua-305m-pfm920i-6u-u#primaryimage\"},\"thumbnailUrl\":\"https:\\\/\\\/kechbureau.ma\\\/wp-content\\\/uploads\\\/2021\\\/04\\\/cable-reseau-informatique-utp-cat6-dahua-305m-pfm920i-6u-u-e1617384957852.png\",\"datePublished\":\"2021-04-02T17:36:10+00:00\",\"dateModified\":\"2024-04-02T09:44:22+00:00\",\"breadcrumb\":{\"@id\":\"https:\\\/\\\/kechbureau.ma\\\/?product=cable-reseau-informatique-utp-cat6-dahua-305m-pfm920i-6u-u#breadcrumb\"},\"inLanguage\":\"fr-FR\",\"potentialAction\":[{\"@type\":\"ReadAction\",\"target\":[\"https:\\\/\\\/kechbureau.ma\\\/?product=cable-reseau-informatique-utp-cat6-dahua-305m-pfm920i-6u-u\"]}]},{\"@type\":\"ImageObject\",\"inLanguage\":\"fr-FR\",\"@id\":\"https:\\\/\\\/kechbureau.ma\\\/?product=cable-reseau-informatique-utp-cat6-dahua-305m-pfm920i-6u-u#primaryimage\",\"url\":\"https:\\\/\\\/kechbureau.ma\\\/wp-content\\\/uploads\\\/2021\\\/04\\\/cable-reseau-informatique-utp-cat6-dahua-305m-pfm920i-6u-u-e1617384957852.png\",\"contentUrl\":\"https:\\\/\\\/kechbureau.ma\\\/wp-content\\\/uploads\\\/2021\\\/04\\\/cable-reseau-informatique-utp-cat6-dahua-305m-pfm920i-6u-u-e1617384957852.png\",\"width\":277,\"height\":315},{\"@type\":\"BreadcrumbList\",\"@id\":\"https:\\\/\\\/kechbureau.ma\\\/?product=cable-reseau-informatique-utp-cat6-dahua-305m-pfm920i-6u-u#breadcrumb\",\"itemListElement\":[{\"@type\":\"ListItem\",\"position\":1,\"name\":\"Accueil\",\"item\":\"https:\\\/\\\/kechbureau.ma\\\/\"},{\"@type\":\"ListItem\",\"position\":2,\"name\":\"Shop\",\"item\":\"https:\\\/\\\/kechbureau.ma\\\/?page_id=3853\"},{\"@type\":\"ListItem\",\"position\":3,\"name\":\"C\u00e2ble R\u00e9seau Informatique UTP CAT6 Dahua 305m (PFM920I-6U-U)\"}]},{\"@type\":\"WebSite\",\"@id\":\"https:\\\/\\\/kechbureau.ma\\\/#website\",\"url\":\"https:\\\/\\\/kechbureau.ma\\\/\",\"name\":\"KECH BUREAU\",\"description\":\"MARRAKECH BUREAU\",\"potentialAction\":[{\"@type\":\"SearchAction\",\"target\":{\"@type\":\"EntryPoint\",\"urlTemplate\":\"https:\\\/\\\/kechbureau.ma\\\/?s={search_term_string}\"},\"query-input\":{\"@type\":\"PropertyValueSpecification\",\"valueRequired\":true,\"valueName\":\"search_term_string\"}}],\"inLanguage\":\"fr-FR\"}]}<\/script>\n<!-- \/ Yoast SEO plugin. -->","yoast_head_json":{"title":"C\u00e2ble R\u00e9seau Informatique UTP CAT6 Dahua 305m (PFM920I-6U-U) - KECH BUREAU","robots":{"index":"index","follow":"follow","max-snippet":"max-snippet:-1","max-image-preview":"max-image-preview:large","max-video-preview":"max-video-preview:-1"},"canonical":"https:\/\/kechbureau.ma\/?product=cable-reseau-informatique-utp-cat6-dahua-305m-pfm920i-6u-u","og_locale":"fr_FR","og_type":"article","og_title":"C\u00e2ble R\u00e9seau Informatique UTP CAT6 Dahua 305m (PFM920I-6U-U) - KECH BUREAU","og_description":"305 m (1000 ft) \/ carton UTP CAT6, alimentation par Ethernet, compatible avec un c\u00e2ble Conducteur en cuivre sans oxyg\u00e8ne de haute puret\u00e9 Gaine ext\u00e9rieure PVC personnalis\u00e9e; Certifi\u00e9 ANSI UL","og_url":"https:\/\/kechbureau.ma\/?product=cable-reseau-informatique-utp-cat6-dahua-305m-pfm920i-6u-u","og_site_name":"KECH BUREAU","article_modified_time":"2024-04-02T09:44:22+00:00","og_image":[{"width":277,"height":315,"url":"https:\/\/kechbureau.ma\/wp-content\/uploads\/2021\/04\/cable-reseau-informatique-utp-cat6-dahua-305m-pfm920i-6u-u-e1617384957852.png","type":"image\/png"}],"twitter_card":"summary_large_image","schema":{"@context":"https:\/\/schema.org","@graph":[{"@type":"WebPage","@id":"https:\/\/kechbureau.ma\/?product=cable-reseau-informatique-utp-cat6-dahua-305m-pfm920i-6u-u","url":"https:\/\/kechbureau.ma\/?product=cable-reseau-informatique-utp-cat6-dahua-305m-pfm920i-6u-u","name":"C\u00e2ble R\u00e9seau Informatique UTP CAT6 Dahua 305m (PFM920I-6U-U) - KECH BUREAU","isPartOf":{"@id":"https:\/\/kechbureau.ma\/#website"},"primaryImageOfPage":{"@id":"https:\/\/kechbureau.ma\/?product=cable-reseau-informatique-utp-cat6-dahua-305m-pfm920i-6u-u#primaryimage"},"image":{"@id":"https:\/\/kechbureau.ma\/?product=cable-reseau-informatique-utp-cat6-dahua-305m-pfm920i-6u-u#primaryimage"},"thumbnailUrl":"https:\/\/kechbureau.ma\/wp-content\/uploads\/2021\/04\/cable-reseau-informatique-utp-cat6-dahua-305m-pfm920i-6u-u-e1617384957852.png","datePublished":"2021-04-02T17:36:10+00:00","dateModified":"2024-04-02T09:44:22+00:00","breadcrumb":{"@id":"https:\/\/kechbureau.ma\/?product=cable-reseau-informatique-utp-cat6-dahua-305m-pfm920i-6u-u#breadcrumb"},"inLanguage":"fr-FR","potentialAction":[{"@type":"ReadAction","target":["https:\/\/kechbureau.ma\/?product=cable-reseau-informatique-utp-cat6-dahua-305m-pfm920i-6u-u"]}]},{"@type":"ImageObject","inLanguage":"fr-FR","@id":"https:\/\/kechbureau.ma\/?product=cable-reseau-informatique-utp-cat6-dahua-305m-pfm920i-6u-u#primaryimage","url":"https:\/\/kechbureau.ma\/wp-content\/uploads\/2021\/04\/cable-reseau-informatique-utp-cat6-dahua-305m-pfm920i-6u-u-e1617384957852.png","contentUrl":"https:\/\/kechbureau.ma\/wp-content\/uploads\/2021\/04\/cable-reseau-informatique-utp-cat6-dahua-305m-pfm920i-6u-u-e1617384957852.png","width":277,"height":315},{"@type":"BreadcrumbList","@id":"https:\/\/kechbureau.ma\/?product=cable-reseau-informatique-utp-cat6-dahua-305m-pfm920i-6u-u#breadcrumb","itemListElement":[{"@type":"ListItem","position":1,"name":"Accueil","item":"https:\/\/kechbureau.ma\/"},{"@type":"ListItem","position":2,"name":"Shop","item":"https:\/\/kechbureau.ma\/?page_id=3853"},{"@type":"ListItem","position":3,"name":"C\u00e2ble R\u00e9seau Informatique UTP CAT6 Dahua 305m (PFM920I-6U-U)"}]},{"@type":"WebSite","@id":"https:\/\/kechbureau.ma\/#website","url":"https:\/\/kechbureau.ma\/","name":"KECH BUREAU","description":"MARRAKECH BUREAU","potentialAction":[{"@type":"SearchAction","target":{"@type":"EntryPoint","urlTemplate":"https:\/\/kechbureau.ma\/?s={search_term_string}"},"query-input":{"@type":"PropertyValueSpecification","valueRequired":true,"valueName":"search_term_string"}}],"inLanguage":"fr-FR"}]}},"_links":{"self":[{"href":"https:\/\/kechbureau.ma\/index.php?rest_route=\/wp\/v2\/product\/11797","targetHints":{"allow":["GET"]}}],"collection":[{"href":"https:\/\/kechbureau.ma\/index.php?rest_route=\/wp\/v2\/product"}],"about":[{"href":"https:\/\/kechbureau.ma\/index.php?rest_route=\/wp\/v2\/types\/product"}],"replies":[{"embeddable":true,"href":"https:\/\/kechbureau.ma\/index.php?rest_route=%2Fwp%2Fv2%2Fcomments&post=11797"}],"wp:featuredmedia":[{"embeddable":true,"href":"https:\/\/kechbureau.ma\/index.php?rest_route=\/wp\/v2\/media\/11798"}],"wp:attachment":[{"href":"https:\/\/kechbureau.ma\/index.php?rest_route=%2Fwp%2Fv2%2Fmedia&parent=11797"}],"wp:term":[{"taxonomy":"product_brand","embeddable":true,"href":"https:\/\/kechbureau.ma\/index.php?rest_route=%2Fwp%2Fv2%2Fproduct_brand&post=11797"},{"taxonomy":"product_cat","embeddable":true,"href":"https:\/\/kechbureau.ma\/index.php?rest_route=%2Fwp%2Fv2%2Fproduct_cat&post=11797"},{"taxonomy":"product_tag","embeddable":true,"href":"https:\/\/kechbureau.ma\/index.php?rest_route=%2Fwp%2Fv2%2Fproduct_tag&post=11797"}],"curies":[{"name":"wp","href":"https:\/\/api.w.org\/{rel}","templated":true}]}}