{"id":11793,"date":"2021-04-02T19:09:10","date_gmt":"2021-04-02T17:09:10","guid":{"rendered":"https:\/\/kechbureau.ma\/?post_type=product&#038;p=11793"},"modified":"2026-02-14T15:15:15","modified_gmt":"2026-02-14T14:15:15","slug":"fabriano-rame-papier-couleur-vert-claire-a-4-500-feuilles","status":"publish","type":"product","link":"https:\/\/kechbureau.ma\/?product=fabriano-rame-papier-couleur-vert-claire-a-4-500-feuilles","title":{"rendered":"Fabriano Rame papier &#8211; Couleur &#8211; vert claire A 4 500 feuilles"},"content":{"rendered":"<p>Le\u00a0<b>papier<\/b>\u00a0est un\u00a0<a title=\"Mat\u00e9riau\" href=\"https:\/\/fr.wikipedia.org\/wiki\/Mat%C3%A9riau\">mat\u00e9riau<\/a>\u00a0en feuilles minces fabriqu\u00e9 \u00e0 partir de\u00a0<a title=\"Fibre\" href=\"https:\/\/fr.wikipedia.org\/wiki\/Fibre\">fibres<\/a>\u00a0<a title=\"Cellulose\" href=\"https:\/\/fr.wikipedia.org\/wiki\/Cellulose\">cellulosiques<\/a>\u00a0<a title=\"V\u00e9g\u00e9tal\" href=\"https:\/\/fr.wikipedia.org\/wiki\/V%C3%A9g%C3%A9tal\">v\u00e9g\u00e9tales<\/a>. C&#8217;est un support d&#8217;<a title=\"\u00c9criture\" href=\"https:\/\/fr.wikipedia.org\/wiki\/%C3%89criture\">\u00e9criture<\/a>\u00a0et de\u00a0<a title=\"Dessin\" href=\"https:\/\/fr.wikipedia.org\/wiki\/Dessin\">dessin<\/a>\u00a0aussi utilis\u00e9 pour l\u2019<a title=\"Emballage\" href=\"https:\/\/fr.wikipedia.org\/wiki\/Emballage\">emballage<\/a>, le nettoyage et l&#8217;hygi\u00e8ne et les\u00a0<a title=\"Filtre (physique)\" href=\"https:\/\/fr.wikipedia.org\/wiki\/Filtre_(physique)\">filtres<\/a>. On appelle\u00a0<i><a title=\"Carton (mat\u00e9riau)\" href=\"https:\/\/fr.wikipedia.org\/wiki\/Carton_(mat%C3%A9riau)\">carton<\/a><\/i>\u00a0un papier \u00e9pais et rigide.<\/p>\n<p>La\u00a0<b>rame\u00a0<\/b>est une\u00a0<a title=\"Unit\u00e9 de mesure\" href=\"https:\/\/fr.wikipedia.org\/wiki\/Unit%C3%A9_de_mesure\">unit\u00e9 de mesure<\/a>\u00a0traditionnelle pour compter les feuilles de\u00a0<a title=\"Papier\" href=\"https:\/\/fr.wikipedia.org\/wiki\/Papier\">papier<\/a>. Une rame est une r\u00e9union de vingt mains de papier. \u00c0 son tour, une main de papier est une r\u00e9union de vingt-cinq feuilles de papier, donc une rame est constitu\u00e9e de 500 feuilles de papier.<\/p>\n<p>Comme rame de papier on peut trouver deux\u00a0cat\u00e9gories\u00a0.Rame blanche et rame en couleur<\/p>\n<p>Dans ce concept on peut\u00a0noter une\u00a0 rame\u00a0 de couleur vert claire\u00a0 et qui porte la marque Fabriano<\/p>\n<p>C est une rame multifonctionnel pour utilisation quotidienne<\/p>\n","protected":false},"excerpt":{"rendered":"<p>Le\u00a0papier\u00a0est un\u00a0mat\u00e9riau\u00a0en feuilles minces fabriqu\u00e9 \u00e0 partir de\u00a0fibres\u00a0cellulosiques\u00a0v\u00e9g\u00e9tales. C&#8217;est un support d&#8217;\u00e9criture\u00a0et de\u00a0dessin\u00a0aussi utilis\u00e9 pour l\u2019emballage, le nettoyage et l&#8217;hygi\u00e8ne et les\u00a0filtres. On appelle\u00a0carton\u00a0un papier \u00e9pais et rigide. La\u00a0rame\u00a0est une\u00a0unit\u00e9<\/p>\n","protected":false},"featured_media":11794,"comment_status":"open","ping_status":"closed","template":"","meta":{"kk_blocks_editor_width":"","_kiokenblocks_attr":"","_kiokenblocks_dimensions":""},"product_brand":[],"product_cat":[486],"product_tag":[],"class_list":{"0":"post-11793","1":"product","2":"type-product","3":"status-publish","4":"has-post-thumbnail","6":"product_cat-papier-couleurs","8":"first","9":"instock","10":"taxable","11":"shipping-taxable","12":"purchasable","13":"product-type-simple"},"yoast_head":"<!-- This site is optimized with the Yoast SEO plugin v27.5 - https:\/\/yoast.com\/product\/yoast-seo-wordpress\/ -->\n<title>Fabriano Rame papier - Couleur - vert claire A 4 500 feuilles - KECH BUREAU<\/title>\n<meta name=\"robots\" content=\"index, follow, max-snippet:-1, max-image-preview:large, max-video-preview:-1\" \/>\n<link rel=\"canonical\" href=\"https:\/\/kechbureau.ma\/?product=fabriano-rame-papier-couleur-vert-claire-a-4-500-feuilles\" \/>\n<meta property=\"og:locale\" content=\"fr_FR\" \/>\n<meta property=\"og:type\" content=\"article\" \/>\n<meta property=\"og:title\" content=\"Fabriano Rame papier - Couleur - vert claire A 4 500 feuilles - KECH BUREAU\" \/>\n<meta property=\"og:description\" content=\"Le\u00a0papier\u00a0est un\u00a0mat\u00e9riau\u00a0en feuilles minces fabriqu\u00e9 \u00e0 partir de\u00a0fibres\u00a0cellulosiques\u00a0v\u00e9g\u00e9tales. C&#8217;est un support d&#8217;\u00e9criture\u00a0et de\u00a0dessin\u00a0aussi utilis\u00e9 pour l\u2019emballage, le nettoyage et l&#8217;hygi\u00e8ne et les\u00a0filtres. On appelle\u00a0carton\u00a0un papier \u00e9pais et rigide. La\u00a0rame\u00a0est une\u00a0unit\u00e9\" \/>\n<meta property=\"og:url\" content=\"https:\/\/kechbureau.ma\/?product=fabriano-rame-papier-couleur-vert-claire-a-4-500-feuilles\" \/>\n<meta property=\"og:site_name\" content=\"KECH BUREAU\" \/>\n<meta property=\"article:modified_time\" content=\"2026-02-14T14:15:15+00:00\" \/>\n<meta property=\"og:image\" content=\"https:\/\/kechbureau.ma\/wp-content\/uploads\/2021\/04\/fabriano-copy-tinta-unicolor-160-papier-non-couche.jpg\" \/>\n\t<meta property=\"og:image:width\" content=\"640\" \/>\n\t<meta property=\"og:image:height\" content=\"640\" \/>\n\t<meta property=\"og:image:type\" content=\"image\/jpeg\" \/>\n<meta name=\"twitter:card\" content=\"summary_large_image\" \/>\n<meta name=\"twitter:label1\" content=\"Dur\u00e9e de lecture estim\u00e9e\" \/>\n\t<meta name=\"twitter:data1\" content=\"1 minute\" \/>\n<script type=\"application\/ld+json\" class=\"yoast-schema-graph\">{\"@context\":\"https:\\\/\\\/schema.org\",\"@graph\":[{\"@type\":\"WebPage\",\"@id\":\"https:\\\/\\\/kechbureau.ma\\\/?product=fabriano-rame-papier-couleur-vert-claire-a-4-500-feuilles\",\"url\":\"https:\\\/\\\/kechbureau.ma\\\/?product=fabriano-rame-papier-couleur-vert-claire-a-4-500-feuilles\",\"name\":\"Fabriano Rame papier - Couleur - vert claire A 4 500 feuilles - KECH BUREAU\",\"isPartOf\":{\"@id\":\"https:\\\/\\\/kechbureau.ma\\\/#website\"},\"primaryImageOfPage\":{\"@id\":\"https:\\\/\\\/kechbureau.ma\\\/?product=fabriano-rame-papier-couleur-vert-claire-a-4-500-feuilles#primaryimage\"},\"image\":{\"@id\":\"https:\\\/\\\/kechbureau.ma\\\/?product=fabriano-rame-papier-couleur-vert-claire-a-4-500-feuilles#primaryimage\"},\"thumbnailUrl\":\"https:\\\/\\\/kechbureau.ma\\\/wp-content\\\/uploads\\\/2021\\\/04\\\/fabriano-copy-tinta-unicolor-160-papier-non-couche.jpg\",\"datePublished\":\"2021-04-02T17:09:10+00:00\",\"dateModified\":\"2026-02-14T14:15:15+00:00\",\"breadcrumb\":{\"@id\":\"https:\\\/\\\/kechbureau.ma\\\/?product=fabriano-rame-papier-couleur-vert-claire-a-4-500-feuilles#breadcrumb\"},\"inLanguage\":\"fr-FR\",\"potentialAction\":[{\"@type\":\"ReadAction\",\"target\":[\"https:\\\/\\\/kechbureau.ma\\\/?product=fabriano-rame-papier-couleur-vert-claire-a-4-500-feuilles\"]}]},{\"@type\":\"ImageObject\",\"inLanguage\":\"fr-FR\",\"@id\":\"https:\\\/\\\/kechbureau.ma\\\/?product=fabriano-rame-papier-couleur-vert-claire-a-4-500-feuilles#primaryimage\",\"url\":\"https:\\\/\\\/kechbureau.ma\\\/wp-content\\\/uploads\\\/2021\\\/04\\\/fabriano-copy-tinta-unicolor-160-papier-non-couche.jpg\",\"contentUrl\":\"https:\\\/\\\/kechbureau.ma\\\/wp-content\\\/uploads\\\/2021\\\/04\\\/fabriano-copy-tinta-unicolor-160-papier-non-couche.jpg\",\"width\":640,\"height\":640},{\"@type\":\"BreadcrumbList\",\"@id\":\"https:\\\/\\\/kechbureau.ma\\\/?product=fabriano-rame-papier-couleur-vert-claire-a-4-500-feuilles#breadcrumb\",\"itemListElement\":[{\"@type\":\"ListItem\",\"position\":1,\"name\":\"Accueil\",\"item\":\"https:\\\/\\\/kechbureau.ma\\\/\"},{\"@type\":\"ListItem\",\"position\":2,\"name\":\"Shop\",\"item\":\"https:\\\/\\\/kechbureau.ma\\\/?page_id=3853\"},{\"@type\":\"ListItem\",\"position\":3,\"name\":\"Fabriano Rame papier &#8211; Couleur &#8211; vert claire A 4 500 feuilles\"}]},{\"@type\":\"WebSite\",\"@id\":\"https:\\\/\\\/kechbureau.ma\\\/#website\",\"url\":\"https:\\\/\\\/kechbureau.ma\\\/\",\"name\":\"KECH BUREAU\",\"description\":\"MARRAKECH BUREAU\",\"potentialAction\":[{\"@type\":\"SearchAction\",\"target\":{\"@type\":\"EntryPoint\",\"urlTemplate\":\"https:\\\/\\\/kechbureau.ma\\\/?s={search_term_string}\"},\"query-input\":{\"@type\":\"PropertyValueSpecification\",\"valueRequired\":true,\"valueName\":\"search_term_string\"}}],\"inLanguage\":\"fr-FR\"}]}<\/script>\n<!-- \/ Yoast SEO plugin. -->","yoast_head_json":{"title":"Fabriano Rame papier - Couleur - vert claire A 4 500 feuilles - KECH BUREAU","robots":{"index":"index","follow":"follow","max-snippet":"max-snippet:-1","max-image-preview":"max-image-preview:large","max-video-preview":"max-video-preview:-1"},"canonical":"https:\/\/kechbureau.ma\/?product=fabriano-rame-papier-couleur-vert-claire-a-4-500-feuilles","og_locale":"fr_FR","og_type":"article","og_title":"Fabriano Rame papier - Couleur - vert claire A 4 500 feuilles - KECH BUREAU","og_description":"Le\u00a0papier\u00a0est un\u00a0mat\u00e9riau\u00a0en feuilles minces fabriqu\u00e9 \u00e0 partir de\u00a0fibres\u00a0cellulosiques\u00a0v\u00e9g\u00e9tales. C&#8217;est un support d&#8217;\u00e9criture\u00a0et de\u00a0dessin\u00a0aussi utilis\u00e9 pour l\u2019emballage, le nettoyage et l&#8217;hygi\u00e8ne et les\u00a0filtres. On appelle\u00a0carton\u00a0un papier \u00e9pais et rigide. La\u00a0rame\u00a0est une\u00a0unit\u00e9","og_url":"https:\/\/kechbureau.ma\/?product=fabriano-rame-papier-couleur-vert-claire-a-4-500-feuilles","og_site_name":"KECH BUREAU","article_modified_time":"2026-02-14T14:15:15+00:00","og_image":[{"width":640,"height":640,"url":"https:\/\/kechbureau.ma\/wp-content\/uploads\/2021\/04\/fabriano-copy-tinta-unicolor-160-papier-non-couche.jpg","type":"image\/jpeg"}],"twitter_card":"summary_large_image","twitter_misc":{"Dur\u00e9e de lecture estim\u00e9e":"1 minute"},"schema":{"@context":"https:\/\/schema.org","@graph":[{"@type":"WebPage","@id":"https:\/\/kechbureau.ma\/?product=fabriano-rame-papier-couleur-vert-claire-a-4-500-feuilles","url":"https:\/\/kechbureau.ma\/?product=fabriano-rame-papier-couleur-vert-claire-a-4-500-feuilles","name":"Fabriano Rame papier - Couleur - vert claire A 4 500 feuilles - KECH BUREAU","isPartOf":{"@id":"https:\/\/kechbureau.ma\/#website"},"primaryImageOfPage":{"@id":"https:\/\/kechbureau.ma\/?product=fabriano-rame-papier-couleur-vert-claire-a-4-500-feuilles#primaryimage"},"image":{"@id":"https:\/\/kechbureau.ma\/?product=fabriano-rame-papier-couleur-vert-claire-a-4-500-feuilles#primaryimage"},"thumbnailUrl":"https:\/\/kechbureau.ma\/wp-content\/uploads\/2021\/04\/fabriano-copy-tinta-unicolor-160-papier-non-couche.jpg","datePublished":"2021-04-02T17:09:10+00:00","dateModified":"2026-02-14T14:15:15+00:00","breadcrumb":{"@id":"https:\/\/kechbureau.ma\/?product=fabriano-rame-papier-couleur-vert-claire-a-4-500-feuilles#breadcrumb"},"inLanguage":"fr-FR","potentialAction":[{"@type":"ReadAction","target":["https:\/\/kechbureau.ma\/?product=fabriano-rame-papier-couleur-vert-claire-a-4-500-feuilles"]}]},{"@type":"ImageObject","inLanguage":"fr-FR","@id":"https:\/\/kechbureau.ma\/?product=fabriano-rame-papier-couleur-vert-claire-a-4-500-feuilles#primaryimage","url":"https:\/\/kechbureau.ma\/wp-content\/uploads\/2021\/04\/fabriano-copy-tinta-unicolor-160-papier-non-couche.jpg","contentUrl":"https:\/\/kechbureau.ma\/wp-content\/uploads\/2021\/04\/fabriano-copy-tinta-unicolor-160-papier-non-couche.jpg","width":640,"height":640},{"@type":"BreadcrumbList","@id":"https:\/\/kechbureau.ma\/?product=fabriano-rame-papier-couleur-vert-claire-a-4-500-feuilles#breadcrumb","itemListElement":[{"@type":"ListItem","position":1,"name":"Accueil","item":"https:\/\/kechbureau.ma\/"},{"@type":"ListItem","position":2,"name":"Shop","item":"https:\/\/kechbureau.ma\/?page_id=3853"},{"@type":"ListItem","position":3,"name":"Fabriano Rame papier &#8211; Couleur &#8211; vert claire A 4 500 feuilles"}]},{"@type":"WebSite","@id":"https:\/\/kechbureau.ma\/#website","url":"https:\/\/kechbureau.ma\/","name":"KECH BUREAU","description":"MARRAKECH BUREAU","potentialAction":[{"@type":"SearchAction","target":{"@type":"EntryPoint","urlTemplate":"https:\/\/kechbureau.ma\/?s={search_term_string}"},"query-input":{"@type":"PropertyValueSpecification","valueRequired":true,"valueName":"search_term_string"}}],"inLanguage":"fr-FR"}]}},"_links":{"self":[{"href":"https:\/\/kechbureau.ma\/index.php?rest_route=\/wp\/v2\/product\/11793","targetHints":{"allow":["GET"]}}],"collection":[{"href":"https:\/\/kechbureau.ma\/index.php?rest_route=\/wp\/v2\/product"}],"about":[{"href":"https:\/\/kechbureau.ma\/index.php?rest_route=\/wp\/v2\/types\/product"}],"replies":[{"embeddable":true,"href":"https:\/\/kechbureau.ma\/index.php?rest_route=%2Fwp%2Fv2%2Fcomments&post=11793"}],"wp:featuredmedia":[{"embeddable":true,"href":"https:\/\/kechbureau.ma\/index.php?rest_route=\/wp\/v2\/media\/11794"}],"wp:attachment":[{"href":"https:\/\/kechbureau.ma\/index.php?rest_route=%2Fwp%2Fv2%2Fmedia&parent=11793"}],"wp:term":[{"taxonomy":"product_brand","embeddable":true,"href":"https:\/\/kechbureau.ma\/index.php?rest_route=%2Fwp%2Fv2%2Fproduct_brand&post=11793"},{"taxonomy":"product_cat","embeddable":true,"href":"https:\/\/kechbureau.ma\/index.php?rest_route=%2Fwp%2Fv2%2Fproduct_cat&post=11793"},{"taxonomy":"product_tag","embeddable":true,"href":"https:\/\/kechbureau.ma\/index.php?rest_route=%2Fwp%2Fv2%2Fproduct_tag&post=11793"}],"curies":[{"name":"wp","href":"https:\/\/api.w.org\/{rel}","templated":true}]}}