{"id":11776,"date":"2021-04-02T18:44:48","date_gmt":"2021-04-02T16:44:48","guid":{"rendered":"https:\/\/kechbureau.ma\/?post_type=product&#038;p=11776"},"modified":"2021-04-02T18:44:49","modified_gmt":"2021-04-02T16:44:49","slug":"tenda-modem-d305-blazing-fast-stable-adsl2-modem-router","status":"publish","type":"product","link":"https:\/\/kechbureau.ma\/?product=tenda-modem-d305-blazing-fast-stable-adsl2-modem-router","title":{"rendered":"Tenda modem D305 Blazing-fast &#038; Stable ADSL2+ Modem Router"},"content":{"rendered":"<div class=\"card aim -mtm\">\n<div class=\"markup -mhm -pvl -oxa -sc\">Modem Routeur Sans Fil 300N USB 4 Antennes Combine la fonction de routeur WiFi ADSL2 WiFi sup\u00e9rieur peut satisfaire les besoins du c\u00e2ble t\u00e9l\u00e9phonique et de l&#8217;acc\u00e8s haut d\u00e9bit Le surf est si facile Routeur ADSL2 WiFi 300 Mbps id\u00e9al pour plusieurs flux vid\u00e9o HD couverture compl\u00e8te avec diff\u00e9rentes connexions Avec des antennes externes 4* 5dbi PA &amp; LNA vous permet de garder les appareils mobiles les lecteurs multim\u00e9dias et les ordinateurs connect\u00e9s au WiFi dans chaque coin de votre maison<\/div>\n<\/div>\n<section class=\"card aim -mtm -fs16\">\n<div id=\"specifications\" class=\"hook\"><\/div>\n<header class=\"-pvs -bb\">\n<h2 class=\"-fs20 -m -phm -pvxs\">Fiche technique<\/h2>\n<\/header>\n<div class=\"row -pas\">\n<article class=\"col8 -pvs\">\n<div class=\"card-b -fh\">\n<h2 class=\"hdr -upp -fs14 -m -pam\">PRINCIPALES CARACT\u00c9RISTIQUES<\/h2>\n<div class=\"markup -pam\">\n<ul>\n<li>Vitesse de transmission sans fil 300 Mbps pour une exp\u00e9rience sans fil N fluide<\/li>\n<li>Prise en charge de plusieurs modes de fonctionnement : Point d&#8217;acc\u00e8s, client, r\u00e9p\u00e9teur universel\/WDS, pont sans fil.<\/li>\n<li>Vitesse du signal:11n : Jusqu&#8217;\u00e0 300 Mbps (dynamique) \/11g : Jusqu&#8217;\u00e0 54 Mbps (dynamique)\/11b : Jusqu&#8217;\u00e0 11 Mbps<\/li>\n<li>Fonctionnalit\u00e9 Power over Ethernet jusqu&#8217;\u00e0 30 m\u00e8tres pour un d\u00e9ploiement flexible.<\/li>\n<li>Interface:Un port Ethernet 10\/100 M (RJ45) Prise en charge du PoE passif<\/li>\n<li>Type d&#8217;antenne:4 antennes omnidirectionnelles amovibles 5 dBi<\/li>\n<\/ul>\n<\/div>\n<\/div>\n<\/article>\n<article class=\"col8 -pvs\">\n<div class=\"card-b -fh\">\n<h2 class=\"hdr -upp -fs14 -m -pam\">VENDU AVEC LE PRODUIT<\/h2>\n<div class=\"markup -pam\">Modem Routeur Sans Fil 300N USB 4 Antennes Combine la fonction de routeur WiFi ADSL2 WiFi sup\u00e9rieur peut satisfaire les besoins du c\u00e2ble t\u00e9l\u00e9phonique et de l&#8217;acc\u00e8s haut d\u00e9bit Le surf est si facile Routeur ADSL2 WiFi 300 Mbps id\u00e9al pour plusieurs flux vid\u00e9o HD couverture compl\u00e8te avec diff\u00e9rentes connexions Avec des antennes externes 4* 5dbi PA &amp; LNA vous permet de garder les appareils mobiles les lecteurs multim\u00e9dias et les ordinateurs connect\u00e9s au WiFi dans chaque coin de votre maison<\/div>\n<\/div>\n<\/article>\n<article class=\"col8 -pvs\">\n<div class=\"card-b -fh\">\n<h2 class=\"hdr -upp -fs14 -m -pam\">DESCRIPTIF TECHNIQUE<\/h2>\n<ul class=\"-pvs -mvxs -phm -lsn\">\n<li class=\"-pvxs\"><span class=\"-b\">SKU<\/span>: TE037EA12BN01NAFAMZ<\/li>\n<li class=\"-pvxs\"><span class=\"-b\">Mod\u00e8le<\/span>: DTENDA modem D305 Blazing-fast &amp; Stable ADSL2+ Modem Router<\/li>\n<li class=\"-pvxs\"><span class=\"-b\">Poids (kg)<\/span>: 1<\/li>\n<\/ul>\n<\/div>\n<\/article>\n<\/div>\n<\/section>\n","protected":false},"excerpt":{"rendered":"<p>Modem Routeur Sans Fil 300N USB 4 Antennes Combine la fonction de routeur WiFi ADSL2 WiFi sup\u00e9rieur peut satisfaire les besoins du c\u00e2ble t\u00e9l\u00e9phonique et de l&#8217;acc\u00e8s haut d\u00e9bit Le<\/p>\n","protected":false},"featured_media":11777,"comment_status":"open","ping_status":"closed","template":"","meta":{"kk_blocks_editor_width":"","_kiokenblocks_attr":"","_kiokenblocks_dimensions":""},"product_brand":[],"product_cat":[504],"product_tag":[],"class_list":{"0":"post-11776","1":"product","2":"type-product","3":"status-publish","4":"has-post-thumbnail","6":"product_cat-routeur","8":"first","9":"instock","10":"taxable","11":"shipping-taxable","12":"purchasable","13":"product-type-simple"},"yoast_head":"<!-- This site is optimized with the Yoast SEO plugin v27.5 - https:\/\/yoast.com\/product\/yoast-seo-wordpress\/ -->\n<title>Tenda modem D305 Blazing-fast &amp; Stable ADSL2+ Modem Router - KECH BUREAU<\/title>\n<meta name=\"robots\" content=\"index, follow, max-snippet:-1, max-image-preview:large, max-video-preview:-1\" \/>\n<link rel=\"canonical\" href=\"https:\/\/kechbureau.ma\/?product=tenda-modem-d305-blazing-fast-stable-adsl2-modem-router\" \/>\n<meta property=\"og:locale\" content=\"fr_FR\" \/>\n<meta property=\"og:type\" content=\"article\" \/>\n<meta property=\"og:title\" content=\"Tenda modem D305 Blazing-fast &amp; Stable ADSL2+ Modem Router - KECH BUREAU\" \/>\n<meta property=\"og:description\" content=\"Modem Routeur Sans Fil 300N USB 4 Antennes Combine la fonction de routeur WiFi ADSL2 WiFi sup\u00e9rieur peut satisfaire les besoins du c\u00e2ble t\u00e9l\u00e9phonique et de l&#8217;acc\u00e8s haut d\u00e9bit Le\" \/>\n<meta property=\"og:url\" content=\"https:\/\/kechbureau.ma\/?product=tenda-modem-d305-blazing-fast-stable-adsl2-modem-router\" \/>\n<meta property=\"og:site_name\" content=\"KECH BUREAU\" \/>\n<meta property=\"article:modified_time\" content=\"2021-04-02T16:44:49+00:00\" \/>\n<meta property=\"og:image\" content=\"https:\/\/kechbureau.ma\/wp-content\/uploads\/2021\/04\/1.jpg\" \/>\n\t<meta property=\"og:image:width\" content=\"680\" \/>\n\t<meta property=\"og:image:height\" content=\"680\" \/>\n\t<meta property=\"og:image:type\" content=\"image\/jpeg\" \/>\n<meta name=\"twitter:card\" content=\"summary_large_image\" \/>\n<meta name=\"twitter:label1\" content=\"Dur\u00e9e de lecture estim\u00e9e\" \/>\n\t<meta name=\"twitter:data1\" content=\"1 minute\" \/>\n<script type=\"application\/ld+json\" class=\"yoast-schema-graph\">{\"@context\":\"https:\\\/\\\/schema.org\",\"@graph\":[{\"@type\":\"WebPage\",\"@id\":\"https:\\\/\\\/kechbureau.ma\\\/?product=tenda-modem-d305-blazing-fast-stable-adsl2-modem-router\",\"url\":\"https:\\\/\\\/kechbureau.ma\\\/?product=tenda-modem-d305-blazing-fast-stable-adsl2-modem-router\",\"name\":\"Tenda modem D305 Blazing-fast & Stable ADSL2+ Modem Router - KECH BUREAU\",\"isPartOf\":{\"@id\":\"https:\\\/\\\/kechbureau.ma\\\/#website\"},\"primaryImageOfPage\":{\"@id\":\"https:\\\/\\\/kechbureau.ma\\\/?product=tenda-modem-d305-blazing-fast-stable-adsl2-modem-router#primaryimage\"},\"image\":{\"@id\":\"https:\\\/\\\/kechbureau.ma\\\/?product=tenda-modem-d305-blazing-fast-stable-adsl2-modem-router#primaryimage\"},\"thumbnailUrl\":\"https:\\\/\\\/kechbureau.ma\\\/wp-content\\\/uploads\\\/2021\\\/04\\\/1.jpg\",\"datePublished\":\"2021-04-02T16:44:48+00:00\",\"dateModified\":\"2021-04-02T16:44:49+00:00\",\"breadcrumb\":{\"@id\":\"https:\\\/\\\/kechbureau.ma\\\/?product=tenda-modem-d305-blazing-fast-stable-adsl2-modem-router#breadcrumb\"},\"inLanguage\":\"fr-FR\",\"potentialAction\":[{\"@type\":\"ReadAction\",\"target\":[\"https:\\\/\\\/kechbureau.ma\\\/?product=tenda-modem-d305-blazing-fast-stable-adsl2-modem-router\"]}]},{\"@type\":\"ImageObject\",\"inLanguage\":\"fr-FR\",\"@id\":\"https:\\\/\\\/kechbureau.ma\\\/?product=tenda-modem-d305-blazing-fast-stable-adsl2-modem-router#primaryimage\",\"url\":\"https:\\\/\\\/kechbureau.ma\\\/wp-content\\\/uploads\\\/2021\\\/04\\\/1.jpg\",\"contentUrl\":\"https:\\\/\\\/kechbureau.ma\\\/wp-content\\\/uploads\\\/2021\\\/04\\\/1.jpg\",\"width\":680,\"height\":680},{\"@type\":\"BreadcrumbList\",\"@id\":\"https:\\\/\\\/kechbureau.ma\\\/?product=tenda-modem-d305-blazing-fast-stable-adsl2-modem-router#breadcrumb\",\"itemListElement\":[{\"@type\":\"ListItem\",\"position\":1,\"name\":\"Accueil\",\"item\":\"https:\\\/\\\/kechbureau.ma\\\/\"},{\"@type\":\"ListItem\",\"position\":2,\"name\":\"Shop\",\"item\":\"https:\\\/\\\/kechbureau.ma\\\/?page_id=3853\"},{\"@type\":\"ListItem\",\"position\":3,\"name\":\"Tenda modem D305 Blazing-fast &#038; Stable ADSL2+ Modem Router\"}]},{\"@type\":\"WebSite\",\"@id\":\"https:\\\/\\\/kechbureau.ma\\\/#website\",\"url\":\"https:\\\/\\\/kechbureau.ma\\\/\",\"name\":\"KECH BUREAU\",\"description\":\"MARRAKECH BUREAU\",\"potentialAction\":[{\"@type\":\"SearchAction\",\"target\":{\"@type\":\"EntryPoint\",\"urlTemplate\":\"https:\\\/\\\/kechbureau.ma\\\/?s={search_term_string}\"},\"query-input\":{\"@type\":\"PropertyValueSpecification\",\"valueRequired\":true,\"valueName\":\"search_term_string\"}}],\"inLanguage\":\"fr-FR\"}]}<\/script>\n<!-- \/ Yoast SEO plugin. -->","yoast_head_json":{"title":"Tenda modem D305 Blazing-fast & Stable ADSL2+ Modem Router - KECH BUREAU","robots":{"index":"index","follow":"follow","max-snippet":"max-snippet:-1","max-image-preview":"max-image-preview:large","max-video-preview":"max-video-preview:-1"},"canonical":"https:\/\/kechbureau.ma\/?product=tenda-modem-d305-blazing-fast-stable-adsl2-modem-router","og_locale":"fr_FR","og_type":"article","og_title":"Tenda modem D305 Blazing-fast & Stable ADSL2+ Modem Router - KECH BUREAU","og_description":"Modem Routeur Sans Fil 300N USB 4 Antennes Combine la fonction de routeur WiFi ADSL2 WiFi sup\u00e9rieur peut satisfaire les besoins du c\u00e2ble t\u00e9l\u00e9phonique et de l&#8217;acc\u00e8s haut d\u00e9bit Le","og_url":"https:\/\/kechbureau.ma\/?product=tenda-modem-d305-blazing-fast-stable-adsl2-modem-router","og_site_name":"KECH BUREAU","article_modified_time":"2021-04-02T16:44:49+00:00","og_image":[{"width":680,"height":680,"url":"https:\/\/kechbureau.ma\/wp-content\/uploads\/2021\/04\/1.jpg","type":"image\/jpeg"}],"twitter_card":"summary_large_image","twitter_misc":{"Dur\u00e9e de lecture estim\u00e9e":"1 minute"},"schema":{"@context":"https:\/\/schema.org","@graph":[{"@type":"WebPage","@id":"https:\/\/kechbureau.ma\/?product=tenda-modem-d305-blazing-fast-stable-adsl2-modem-router","url":"https:\/\/kechbureau.ma\/?product=tenda-modem-d305-blazing-fast-stable-adsl2-modem-router","name":"Tenda modem D305 Blazing-fast & Stable ADSL2+ Modem Router - KECH BUREAU","isPartOf":{"@id":"https:\/\/kechbureau.ma\/#website"},"primaryImageOfPage":{"@id":"https:\/\/kechbureau.ma\/?product=tenda-modem-d305-blazing-fast-stable-adsl2-modem-router#primaryimage"},"image":{"@id":"https:\/\/kechbureau.ma\/?product=tenda-modem-d305-blazing-fast-stable-adsl2-modem-router#primaryimage"},"thumbnailUrl":"https:\/\/kechbureau.ma\/wp-content\/uploads\/2021\/04\/1.jpg","datePublished":"2021-04-02T16:44:48+00:00","dateModified":"2021-04-02T16:44:49+00:00","breadcrumb":{"@id":"https:\/\/kechbureau.ma\/?product=tenda-modem-d305-blazing-fast-stable-adsl2-modem-router#breadcrumb"},"inLanguage":"fr-FR","potentialAction":[{"@type":"ReadAction","target":["https:\/\/kechbureau.ma\/?product=tenda-modem-d305-blazing-fast-stable-adsl2-modem-router"]}]},{"@type":"ImageObject","inLanguage":"fr-FR","@id":"https:\/\/kechbureau.ma\/?product=tenda-modem-d305-blazing-fast-stable-adsl2-modem-router#primaryimage","url":"https:\/\/kechbureau.ma\/wp-content\/uploads\/2021\/04\/1.jpg","contentUrl":"https:\/\/kechbureau.ma\/wp-content\/uploads\/2021\/04\/1.jpg","width":680,"height":680},{"@type":"BreadcrumbList","@id":"https:\/\/kechbureau.ma\/?product=tenda-modem-d305-blazing-fast-stable-adsl2-modem-router#breadcrumb","itemListElement":[{"@type":"ListItem","position":1,"name":"Accueil","item":"https:\/\/kechbureau.ma\/"},{"@type":"ListItem","position":2,"name":"Shop","item":"https:\/\/kechbureau.ma\/?page_id=3853"},{"@type":"ListItem","position":3,"name":"Tenda modem D305 Blazing-fast &#038; Stable ADSL2+ Modem Router"}]},{"@type":"WebSite","@id":"https:\/\/kechbureau.ma\/#website","url":"https:\/\/kechbureau.ma\/","name":"KECH BUREAU","description":"MARRAKECH BUREAU","potentialAction":[{"@type":"SearchAction","target":{"@type":"EntryPoint","urlTemplate":"https:\/\/kechbureau.ma\/?s={search_term_string}"},"query-input":{"@type":"PropertyValueSpecification","valueRequired":true,"valueName":"search_term_string"}}],"inLanguage":"fr-FR"}]}},"_links":{"self":[{"href":"https:\/\/kechbureau.ma\/index.php?rest_route=\/wp\/v2\/product\/11776","targetHints":{"allow":["GET"]}}],"collection":[{"href":"https:\/\/kechbureau.ma\/index.php?rest_route=\/wp\/v2\/product"}],"about":[{"href":"https:\/\/kechbureau.ma\/index.php?rest_route=\/wp\/v2\/types\/product"}],"replies":[{"embeddable":true,"href":"https:\/\/kechbureau.ma\/index.php?rest_route=%2Fwp%2Fv2%2Fcomments&post=11776"}],"wp:featuredmedia":[{"embeddable":true,"href":"https:\/\/kechbureau.ma\/index.php?rest_route=\/wp\/v2\/media\/11777"}],"wp:attachment":[{"href":"https:\/\/kechbureau.ma\/index.php?rest_route=%2Fwp%2Fv2%2Fmedia&parent=11776"}],"wp:term":[{"taxonomy":"product_brand","embeddable":true,"href":"https:\/\/kechbureau.ma\/index.php?rest_route=%2Fwp%2Fv2%2Fproduct_brand&post=11776"},{"taxonomy":"product_cat","embeddable":true,"href":"https:\/\/kechbureau.ma\/index.php?rest_route=%2Fwp%2Fv2%2Fproduct_cat&post=11776"},{"taxonomy":"product_tag","embeddable":true,"href":"https:\/\/kechbureau.ma\/index.php?rest_route=%2Fwp%2Fv2%2Fproduct_tag&post=11776"}],"curies":[{"name":"wp","href":"https:\/\/api.w.org\/{rel}","templated":true}]}}