{"id":11763,"date":"2021-04-02T18:33:49","date_gmt":"2021-04-02T16:33:49","guid":{"rendered":"https:\/\/kechbureau.ma\/?post_type=product&#038;p=11763"},"modified":"2021-04-02T18:33:49","modified_gmt":"2021-04-02T16:33:49","slug":"td-w8961n-modem-routeur-adsl2-wifi-n-300-mbps","status":"publish","type":"product","link":"https:\/\/kechbureau.ma\/?product=td-w8961n-modem-routeur-adsl2-wifi-n-300-mbps","title":{"rendered":"TD-W8961N Modem Routeur ADSL2+ WiFi N 300 Mbps"},"content":{"rendered":"<div class=\"box title\">\n<div>\n<h2 class=\"product-name\">TD-W8961N<\/h2>\n<\/div>\n<h1>Modem Routeur ADSL2+ WiFi N 300 Mbps<\/h1>\n<\/div>\n<div class=\"box highlights\">\n<ul>\n<li>Appareil tout-en-un: modem ADSL2 +, routeur NAT, switch 4 ports et point d&#8217;acc\u00e8s WiFi N<\/li>\n<li>D\u00e9bit WiFi\u00a0N jusqu&#8217;\u00e0 300 Mbits \/ s le rend id\u00e9al pour les applications gourmandes en bande passante ou sensibles aux interruptions telles que les jeux en ligne, les appels Internet et m\u00eame le streaming vid\u00e9o HD<\/li>\n<li>L&#8217;assistant de configuration facile avec support multilingue permet une installation rapide et sans probl\u00e8me<\/li>\n<li>Chiffrement de s\u00e9curit\u00e9 WiFi \u00e0 une touche avec le bouton \u2018WPS\u2019 et le bouton marche \/ arr\u00eat facile du WiFi<\/li>\n<\/ul>\n<\/div>\n","protected":false},"excerpt":{"rendered":"<p>TD-W8961N Modem Routeur ADSL2+ WiFi N 300 Mbps Appareil tout-en-un: modem ADSL2 +, routeur NAT, switch 4 ports et point d&#8217;acc\u00e8s WiFi N D\u00e9bit WiFi\u00a0N jusqu&#8217;\u00e0 300 Mbits \/ s<\/p>\n","protected":false},"featured_media":11764,"comment_status":"open","ping_status":"closed","template":"","meta":{"kk_blocks_editor_width":"","_kiokenblocks_attr":"","_kiokenblocks_dimensions":""},"product_brand":[],"product_cat":[504],"product_tag":[],"class_list":{"0":"post-11763","1":"product","2":"type-product","3":"status-publish","4":"has-post-thumbnail","6":"product_cat-routeur","8":"first","9":"instock","10":"taxable","11":"shipping-taxable","12":"purchasable","13":"product-type-simple"},"yoast_head":"<!-- This site is optimized with the Yoast SEO plugin v27.5 - https:\/\/yoast.com\/product\/yoast-seo-wordpress\/ -->\n<title>TD-W8961N Modem Routeur ADSL2+ WiFi N 300 Mbps - KECH BUREAU<\/title>\n<meta name=\"robots\" content=\"index, follow, max-snippet:-1, max-image-preview:large, max-video-preview:-1\" \/>\n<link rel=\"canonical\" href=\"https:\/\/kechbureau.ma\/?product=td-w8961n-modem-routeur-adsl2-wifi-n-300-mbps\" \/>\n<meta property=\"og:locale\" content=\"fr_FR\" \/>\n<meta property=\"og:type\" content=\"article\" \/>\n<meta property=\"og:title\" content=\"TD-W8961N Modem Routeur ADSL2+ WiFi N 300 Mbps - KECH BUREAU\" \/>\n<meta property=\"og:description\" content=\"TD-W8961N Modem Routeur ADSL2+ WiFi N 300 Mbps Appareil tout-en-un: modem ADSL2 +, routeur NAT, switch 4 ports et point d&#8217;acc\u00e8s WiFi N D\u00e9bit WiFi\u00a0N jusqu&#8217;\u00e0 300 Mbits \/ s\" \/>\n<meta property=\"og:url\" content=\"https:\/\/kechbureau.ma\/?product=td-w8961n-modem-routeur-adsl2-wifi-n-300-mbps\" \/>\n<meta property=\"og:site_name\" content=\"KECH BUREAU\" \/>\n<meta property=\"og:image\" content=\"https:\/\/kechbureau.ma\/wp-content\/uploads\/2021\/04\/TD-W8961UN3.0_04_normal_1529482351402k.jpg\" \/>\n\t<meta property=\"og:image:width\" content=\"590\" \/>\n\t<meta property=\"og:image:height\" content=\"590\" \/>\n\t<meta property=\"og:image:type\" content=\"image\/jpeg\" \/>\n<meta name=\"twitter:card\" content=\"summary_large_image\" \/>\n<script type=\"application\/ld+json\" class=\"yoast-schema-graph\">{\"@context\":\"https:\\\/\\\/schema.org\",\"@graph\":[{\"@type\":\"WebPage\",\"@id\":\"https:\\\/\\\/kechbureau.ma\\\/?product=td-w8961n-modem-routeur-adsl2-wifi-n-300-mbps\",\"url\":\"https:\\\/\\\/kechbureau.ma\\\/?product=td-w8961n-modem-routeur-adsl2-wifi-n-300-mbps\",\"name\":\"TD-W8961N Modem Routeur ADSL2+ WiFi N 300 Mbps - KECH BUREAU\",\"isPartOf\":{\"@id\":\"https:\\\/\\\/kechbureau.ma\\\/#website\"},\"primaryImageOfPage\":{\"@id\":\"https:\\\/\\\/kechbureau.ma\\\/?product=td-w8961n-modem-routeur-adsl2-wifi-n-300-mbps#primaryimage\"},\"image\":{\"@id\":\"https:\\\/\\\/kechbureau.ma\\\/?product=td-w8961n-modem-routeur-adsl2-wifi-n-300-mbps#primaryimage\"},\"thumbnailUrl\":\"https:\\\/\\\/kechbureau.ma\\\/wp-content\\\/uploads\\\/2021\\\/04\\\/TD-W8961UN3.0_04_normal_1529482351402k.jpg\",\"datePublished\":\"2021-04-02T16:33:49+00:00\",\"breadcrumb\":{\"@id\":\"https:\\\/\\\/kechbureau.ma\\\/?product=td-w8961n-modem-routeur-adsl2-wifi-n-300-mbps#breadcrumb\"},\"inLanguage\":\"fr-FR\",\"potentialAction\":[{\"@type\":\"ReadAction\",\"target\":[\"https:\\\/\\\/kechbureau.ma\\\/?product=td-w8961n-modem-routeur-adsl2-wifi-n-300-mbps\"]}]},{\"@type\":\"ImageObject\",\"inLanguage\":\"fr-FR\",\"@id\":\"https:\\\/\\\/kechbureau.ma\\\/?product=td-w8961n-modem-routeur-adsl2-wifi-n-300-mbps#primaryimage\",\"url\":\"https:\\\/\\\/kechbureau.ma\\\/wp-content\\\/uploads\\\/2021\\\/04\\\/TD-W8961UN3.0_04_normal_1529482351402k.jpg\",\"contentUrl\":\"https:\\\/\\\/kechbureau.ma\\\/wp-content\\\/uploads\\\/2021\\\/04\\\/TD-W8961UN3.0_04_normal_1529482351402k.jpg\",\"width\":590,\"height\":590},{\"@type\":\"BreadcrumbList\",\"@id\":\"https:\\\/\\\/kechbureau.ma\\\/?product=td-w8961n-modem-routeur-adsl2-wifi-n-300-mbps#breadcrumb\",\"itemListElement\":[{\"@type\":\"ListItem\",\"position\":1,\"name\":\"Accueil\",\"item\":\"https:\\\/\\\/kechbureau.ma\\\/\"},{\"@type\":\"ListItem\",\"position\":2,\"name\":\"Shop\",\"item\":\"https:\\\/\\\/kechbureau.ma\\\/?page_id=3853\"},{\"@type\":\"ListItem\",\"position\":3,\"name\":\"TD-W8961N Modem Routeur ADSL2+ WiFi N 300 Mbps\"}]},{\"@type\":\"WebSite\",\"@id\":\"https:\\\/\\\/kechbureau.ma\\\/#website\",\"url\":\"https:\\\/\\\/kechbureau.ma\\\/\",\"name\":\"KECH BUREAU\",\"description\":\"MARRAKECH BUREAU\",\"potentialAction\":[{\"@type\":\"SearchAction\",\"target\":{\"@type\":\"EntryPoint\",\"urlTemplate\":\"https:\\\/\\\/kechbureau.ma\\\/?s={search_term_string}\"},\"query-input\":{\"@type\":\"PropertyValueSpecification\",\"valueRequired\":true,\"valueName\":\"search_term_string\"}}],\"inLanguage\":\"fr-FR\"}]}<\/script>\n<!-- \/ Yoast SEO plugin. -->","yoast_head_json":{"title":"TD-W8961N Modem Routeur ADSL2+ WiFi N 300 Mbps - KECH BUREAU","robots":{"index":"index","follow":"follow","max-snippet":"max-snippet:-1","max-image-preview":"max-image-preview:large","max-video-preview":"max-video-preview:-1"},"canonical":"https:\/\/kechbureau.ma\/?product=td-w8961n-modem-routeur-adsl2-wifi-n-300-mbps","og_locale":"fr_FR","og_type":"article","og_title":"TD-W8961N Modem Routeur ADSL2+ WiFi N 300 Mbps - KECH BUREAU","og_description":"TD-W8961N Modem Routeur ADSL2+ WiFi N 300 Mbps Appareil tout-en-un: modem ADSL2 +, routeur NAT, switch 4 ports et point d&#8217;acc\u00e8s WiFi N D\u00e9bit WiFi\u00a0N jusqu&#8217;\u00e0 300 Mbits \/ s","og_url":"https:\/\/kechbureau.ma\/?product=td-w8961n-modem-routeur-adsl2-wifi-n-300-mbps","og_site_name":"KECH BUREAU","og_image":[{"width":590,"height":590,"url":"https:\/\/kechbureau.ma\/wp-content\/uploads\/2021\/04\/TD-W8961UN3.0_04_normal_1529482351402k.jpg","type":"image\/jpeg"}],"twitter_card":"summary_large_image","schema":{"@context":"https:\/\/schema.org","@graph":[{"@type":"WebPage","@id":"https:\/\/kechbureau.ma\/?product=td-w8961n-modem-routeur-adsl2-wifi-n-300-mbps","url":"https:\/\/kechbureau.ma\/?product=td-w8961n-modem-routeur-adsl2-wifi-n-300-mbps","name":"TD-W8961N Modem Routeur ADSL2+ WiFi N 300 Mbps - KECH BUREAU","isPartOf":{"@id":"https:\/\/kechbureau.ma\/#website"},"primaryImageOfPage":{"@id":"https:\/\/kechbureau.ma\/?product=td-w8961n-modem-routeur-adsl2-wifi-n-300-mbps#primaryimage"},"image":{"@id":"https:\/\/kechbureau.ma\/?product=td-w8961n-modem-routeur-adsl2-wifi-n-300-mbps#primaryimage"},"thumbnailUrl":"https:\/\/kechbureau.ma\/wp-content\/uploads\/2021\/04\/TD-W8961UN3.0_04_normal_1529482351402k.jpg","datePublished":"2021-04-02T16:33:49+00:00","breadcrumb":{"@id":"https:\/\/kechbureau.ma\/?product=td-w8961n-modem-routeur-adsl2-wifi-n-300-mbps#breadcrumb"},"inLanguage":"fr-FR","potentialAction":[{"@type":"ReadAction","target":["https:\/\/kechbureau.ma\/?product=td-w8961n-modem-routeur-adsl2-wifi-n-300-mbps"]}]},{"@type":"ImageObject","inLanguage":"fr-FR","@id":"https:\/\/kechbureau.ma\/?product=td-w8961n-modem-routeur-adsl2-wifi-n-300-mbps#primaryimage","url":"https:\/\/kechbureau.ma\/wp-content\/uploads\/2021\/04\/TD-W8961UN3.0_04_normal_1529482351402k.jpg","contentUrl":"https:\/\/kechbureau.ma\/wp-content\/uploads\/2021\/04\/TD-W8961UN3.0_04_normal_1529482351402k.jpg","width":590,"height":590},{"@type":"BreadcrumbList","@id":"https:\/\/kechbureau.ma\/?product=td-w8961n-modem-routeur-adsl2-wifi-n-300-mbps#breadcrumb","itemListElement":[{"@type":"ListItem","position":1,"name":"Accueil","item":"https:\/\/kechbureau.ma\/"},{"@type":"ListItem","position":2,"name":"Shop","item":"https:\/\/kechbureau.ma\/?page_id=3853"},{"@type":"ListItem","position":3,"name":"TD-W8961N Modem Routeur ADSL2+ WiFi N 300 Mbps"}]},{"@type":"WebSite","@id":"https:\/\/kechbureau.ma\/#website","url":"https:\/\/kechbureau.ma\/","name":"KECH BUREAU","description":"MARRAKECH BUREAU","potentialAction":[{"@type":"SearchAction","target":{"@type":"EntryPoint","urlTemplate":"https:\/\/kechbureau.ma\/?s={search_term_string}"},"query-input":{"@type":"PropertyValueSpecification","valueRequired":true,"valueName":"search_term_string"}}],"inLanguage":"fr-FR"}]}},"_links":{"self":[{"href":"https:\/\/kechbureau.ma\/index.php?rest_route=\/wp\/v2\/product\/11763","targetHints":{"allow":["GET"]}}],"collection":[{"href":"https:\/\/kechbureau.ma\/index.php?rest_route=\/wp\/v2\/product"}],"about":[{"href":"https:\/\/kechbureau.ma\/index.php?rest_route=\/wp\/v2\/types\/product"}],"replies":[{"embeddable":true,"href":"https:\/\/kechbureau.ma\/index.php?rest_route=%2Fwp%2Fv2%2Fcomments&post=11763"}],"wp:featuredmedia":[{"embeddable":true,"href":"https:\/\/kechbureau.ma\/index.php?rest_route=\/wp\/v2\/media\/11764"}],"wp:attachment":[{"href":"https:\/\/kechbureau.ma\/index.php?rest_route=%2Fwp%2Fv2%2Fmedia&parent=11763"}],"wp:term":[{"taxonomy":"product_brand","embeddable":true,"href":"https:\/\/kechbureau.ma\/index.php?rest_route=%2Fwp%2Fv2%2Fproduct_brand&post=11763"},{"taxonomy":"product_cat","embeddable":true,"href":"https:\/\/kechbureau.ma\/index.php?rest_route=%2Fwp%2Fv2%2Fproduct_cat&post=11763"},{"taxonomy":"product_tag","embeddable":true,"href":"https:\/\/kechbureau.ma\/index.php?rest_route=%2Fwp%2Fv2%2Fproduct_tag&post=11763"}],"curies":[{"name":"wp","href":"https:\/\/api.w.org\/{rel}","templated":true}]}}