{"id":11704,"date":"2021-04-01T23:31:00","date_gmt":"2021-04-01T21:31:00","guid":{"rendered":"https:\/\/kechbureau.ma\/?post_type=product&#038;p=11704"},"modified":"2022-05-06T11:37:15","modified_gmt":"2022-05-06T09:37:15","slug":"epson-ecotank-l3150","status":"publish","type":"product","link":"https:\/\/kechbureau.ma\/?product=epson-ecotank-l3150","title":{"rendered":"EPSON ECOTANK L3150 Impression, copie et num\u00e9risation WIFI"},"content":{"rendered":"<h2>Dites adieu aux cartouches<\/h2>\n<p>Impression, copie et num\u00e9risation<br \/>\nLivr\u00e9e avec encre noire jusqu&#8217;\u00e0 8100 pages et 6500 pages en couleur<br \/>\nVitesse d&#8217;impression noir: Jusqu&#8217;\u00e0 33 ppm (papier ordinaire 75 g \/ m\u00b2)<br \/>\nVitesse d&#8217;impression couleur: Jusqu&#8217;\u00e0 10 ppm (papier ordinaire 75 g \/ m\u00b2)<br \/>\nQualit\u00e9 d&#8217;impression couleur: 5760 x 1440 DPI (ppp)<br \/>\nImpression recto\/verso: Manuelle<br \/>\nFonctionne avec: 4 r\u00e9servoirs d&#8217;encre (noire, cyan, magenta, jaune)<br \/>\nConnectivit\u00e9: 1 Port USB 2.0; Wi-Fi; Wi-Fi Direct<\/p>\n","protected":false},"excerpt":{"rendered":"<p>Dites adieu aux cartouches Impression, copie et num\u00e9risation Livr\u00e9e avec encre noire jusqu&#8217;\u00e0 8100 pages et 6500 pages en couleur Vitesse d&#8217;impression noir: Jusqu&#8217;\u00e0 33 ppm (papier ordinaire 75 g<\/p>\n","protected":false},"featured_media":11706,"comment_status":"open","ping_status":"closed","template":"","meta":{"kk_blocks_editor_width":"","_kiokenblocks_attr":"","_kiokenblocks_dimensions":""},"product_brand":[],"product_cat":[545,420],"product_tag":[],"class_list":{"0":"post-11704","1":"product","2":"type-product","3":"status-publish","4":"has-post-thumbnail","6":"product_cat-jetdencre","7":"product_cat-printers-ink","9":"first","10":"outofstock","11":"sale","12":"taxable","13":"shipping-taxable","14":"purchasable","15":"product-type-simple"},"yoast_head":"<!-- This site is optimized with the Yoast SEO plugin v27.5 - https:\/\/yoast.com\/product\/yoast-seo-wordpress\/ -->\n<title>EPSON ECOTANK L3150 Impression, copie et num\u00e9risation WIFI - KECH BUREAU<\/title>\n<meta name=\"robots\" content=\"index, follow, max-snippet:-1, max-image-preview:large, max-video-preview:-1\" \/>\n<link rel=\"canonical\" href=\"https:\/\/kechbureau.ma\/?product=epson-ecotank-l3150\" \/>\n<meta property=\"og:locale\" content=\"fr_FR\" \/>\n<meta property=\"og:type\" content=\"article\" \/>\n<meta property=\"og:title\" content=\"EPSON ECOTANK L3150 Impression, copie et num\u00e9risation WIFI - KECH BUREAU\" \/>\n<meta property=\"og:description\" content=\"Dites adieu aux cartouches Impression, copie et num\u00e9risation Livr\u00e9e avec encre noire jusqu&#8217;\u00e0 8100 pages et 6500 pages en couleur Vitesse d&#8217;impression noir: Jusqu&#8217;\u00e0 33 ppm (papier ordinaire 75 g\" \/>\n<meta property=\"og:url\" content=\"https:\/\/kechbureau.ma\/?product=epson-ecotank-l3150\" \/>\n<meta property=\"og:site_name\" content=\"KECH BUREAU\" \/>\n<meta property=\"article:modified_time\" content=\"2022-05-06T09:37:15+00:00\" \/>\n<meta property=\"og:image\" content=\"https:\/\/kechbureau.ma\/wp-content\/uploads\/2021\/04\/telechargement.jpg\" \/>\n\t<meta property=\"og:image:width\" content=\"225\" \/>\n\t<meta property=\"og:image:height\" content=\"225\" \/>\n\t<meta property=\"og:image:type\" content=\"image\/jpeg\" \/>\n<meta name=\"twitter:card\" content=\"summary_large_image\" \/>\n<script type=\"application\/ld+json\" class=\"yoast-schema-graph\">{\"@context\":\"https:\\\/\\\/schema.org\",\"@graph\":[{\"@type\":\"WebPage\",\"@id\":\"https:\\\/\\\/kechbureau.ma\\\/?product=epson-ecotank-l3150\",\"url\":\"https:\\\/\\\/kechbureau.ma\\\/?product=epson-ecotank-l3150\",\"name\":\"EPSON ECOTANK L3150 Impression, copie et num\u00e9risation WIFI - KECH BUREAU\",\"isPartOf\":{\"@id\":\"https:\\\/\\\/kechbureau.ma\\\/#website\"},\"primaryImageOfPage\":{\"@id\":\"https:\\\/\\\/kechbureau.ma\\\/?product=epson-ecotank-l3150#primaryimage\"},\"image\":{\"@id\":\"https:\\\/\\\/kechbureau.ma\\\/?product=epson-ecotank-l3150#primaryimage\"},\"thumbnailUrl\":\"https:\\\/\\\/kechbureau.ma\\\/wp-content\\\/uploads\\\/2021\\\/04\\\/telechargement.jpg\",\"datePublished\":\"2021-04-01T21:31:00+00:00\",\"dateModified\":\"2022-05-06T09:37:15+00:00\",\"breadcrumb\":{\"@id\":\"https:\\\/\\\/kechbureau.ma\\\/?product=epson-ecotank-l3150#breadcrumb\"},\"inLanguage\":\"fr-FR\",\"potentialAction\":[{\"@type\":\"ReadAction\",\"target\":[\"https:\\\/\\\/kechbureau.ma\\\/?product=epson-ecotank-l3150\"]}]},{\"@type\":\"ImageObject\",\"inLanguage\":\"fr-FR\",\"@id\":\"https:\\\/\\\/kechbureau.ma\\\/?product=epson-ecotank-l3150#primaryimage\",\"url\":\"https:\\\/\\\/kechbureau.ma\\\/wp-content\\\/uploads\\\/2021\\\/04\\\/telechargement.jpg\",\"contentUrl\":\"https:\\\/\\\/kechbureau.ma\\\/wp-content\\\/uploads\\\/2021\\\/04\\\/telechargement.jpg\",\"width\":225,\"height\":225},{\"@type\":\"BreadcrumbList\",\"@id\":\"https:\\\/\\\/kechbureau.ma\\\/?product=epson-ecotank-l3150#breadcrumb\",\"itemListElement\":[{\"@type\":\"ListItem\",\"position\":1,\"name\":\"Accueil\",\"item\":\"https:\\\/\\\/kechbureau.ma\\\/\"},{\"@type\":\"ListItem\",\"position\":2,\"name\":\"Shop\",\"item\":\"https:\\\/\\\/kechbureau.ma\\\/?page_id=3853\"},{\"@type\":\"ListItem\",\"position\":3,\"name\":\"EPSON ECOTANK L3150 Impression, copie et num\u00e9risation WIFI\"}]},{\"@type\":\"WebSite\",\"@id\":\"https:\\\/\\\/kechbureau.ma\\\/#website\",\"url\":\"https:\\\/\\\/kechbureau.ma\\\/\",\"name\":\"KECH BUREAU\",\"description\":\"MARRAKECH BUREAU\",\"potentialAction\":[{\"@type\":\"SearchAction\",\"target\":{\"@type\":\"EntryPoint\",\"urlTemplate\":\"https:\\\/\\\/kechbureau.ma\\\/?s={search_term_string}\"},\"query-input\":{\"@type\":\"PropertyValueSpecification\",\"valueRequired\":true,\"valueName\":\"search_term_string\"}}],\"inLanguage\":\"fr-FR\"}]}<\/script>\n<!-- \/ Yoast SEO plugin. -->","yoast_head_json":{"title":"EPSON ECOTANK L3150 Impression, copie et num\u00e9risation WIFI - KECH BUREAU","robots":{"index":"index","follow":"follow","max-snippet":"max-snippet:-1","max-image-preview":"max-image-preview:large","max-video-preview":"max-video-preview:-1"},"canonical":"https:\/\/kechbureau.ma\/?product=epson-ecotank-l3150","og_locale":"fr_FR","og_type":"article","og_title":"EPSON ECOTANK L3150 Impression, copie et num\u00e9risation WIFI - KECH BUREAU","og_description":"Dites adieu aux cartouches Impression, copie et num\u00e9risation Livr\u00e9e avec encre noire jusqu&#8217;\u00e0 8100 pages et 6500 pages en couleur Vitesse d&#8217;impression noir: Jusqu&#8217;\u00e0 33 ppm (papier ordinaire 75 g","og_url":"https:\/\/kechbureau.ma\/?product=epson-ecotank-l3150","og_site_name":"KECH BUREAU","article_modified_time":"2022-05-06T09:37:15+00:00","og_image":[{"width":225,"height":225,"url":"https:\/\/kechbureau.ma\/wp-content\/uploads\/2021\/04\/telechargement.jpg","type":"image\/jpeg"}],"twitter_card":"summary_large_image","schema":{"@context":"https:\/\/schema.org","@graph":[{"@type":"WebPage","@id":"https:\/\/kechbureau.ma\/?product=epson-ecotank-l3150","url":"https:\/\/kechbureau.ma\/?product=epson-ecotank-l3150","name":"EPSON ECOTANK L3150 Impression, copie et num\u00e9risation WIFI - KECH BUREAU","isPartOf":{"@id":"https:\/\/kechbureau.ma\/#website"},"primaryImageOfPage":{"@id":"https:\/\/kechbureau.ma\/?product=epson-ecotank-l3150#primaryimage"},"image":{"@id":"https:\/\/kechbureau.ma\/?product=epson-ecotank-l3150#primaryimage"},"thumbnailUrl":"https:\/\/kechbureau.ma\/wp-content\/uploads\/2021\/04\/telechargement.jpg","datePublished":"2021-04-01T21:31:00+00:00","dateModified":"2022-05-06T09:37:15+00:00","breadcrumb":{"@id":"https:\/\/kechbureau.ma\/?product=epson-ecotank-l3150#breadcrumb"},"inLanguage":"fr-FR","potentialAction":[{"@type":"ReadAction","target":["https:\/\/kechbureau.ma\/?product=epson-ecotank-l3150"]}]},{"@type":"ImageObject","inLanguage":"fr-FR","@id":"https:\/\/kechbureau.ma\/?product=epson-ecotank-l3150#primaryimage","url":"https:\/\/kechbureau.ma\/wp-content\/uploads\/2021\/04\/telechargement.jpg","contentUrl":"https:\/\/kechbureau.ma\/wp-content\/uploads\/2021\/04\/telechargement.jpg","width":225,"height":225},{"@type":"BreadcrumbList","@id":"https:\/\/kechbureau.ma\/?product=epson-ecotank-l3150#breadcrumb","itemListElement":[{"@type":"ListItem","position":1,"name":"Accueil","item":"https:\/\/kechbureau.ma\/"},{"@type":"ListItem","position":2,"name":"Shop","item":"https:\/\/kechbureau.ma\/?page_id=3853"},{"@type":"ListItem","position":3,"name":"EPSON ECOTANK L3150 Impression, copie et num\u00e9risation WIFI"}]},{"@type":"WebSite","@id":"https:\/\/kechbureau.ma\/#website","url":"https:\/\/kechbureau.ma\/","name":"KECH BUREAU","description":"MARRAKECH BUREAU","potentialAction":[{"@type":"SearchAction","target":{"@type":"EntryPoint","urlTemplate":"https:\/\/kechbureau.ma\/?s={search_term_string}"},"query-input":{"@type":"PropertyValueSpecification","valueRequired":true,"valueName":"search_term_string"}}],"inLanguage":"fr-FR"}]}},"_links":{"self":[{"href":"https:\/\/kechbureau.ma\/index.php?rest_route=\/wp\/v2\/product\/11704","targetHints":{"allow":["GET"]}}],"collection":[{"href":"https:\/\/kechbureau.ma\/index.php?rest_route=\/wp\/v2\/product"}],"about":[{"href":"https:\/\/kechbureau.ma\/index.php?rest_route=\/wp\/v2\/types\/product"}],"replies":[{"embeddable":true,"href":"https:\/\/kechbureau.ma\/index.php?rest_route=%2Fwp%2Fv2%2Fcomments&post=11704"}],"wp:featuredmedia":[{"embeddable":true,"href":"https:\/\/kechbureau.ma\/index.php?rest_route=\/wp\/v2\/media\/11706"}],"wp:attachment":[{"href":"https:\/\/kechbureau.ma\/index.php?rest_route=%2Fwp%2Fv2%2Fmedia&parent=11704"}],"wp:term":[{"taxonomy":"product_brand","embeddable":true,"href":"https:\/\/kechbureau.ma\/index.php?rest_route=%2Fwp%2Fv2%2Fproduct_brand&post=11704"},{"taxonomy":"product_cat","embeddable":true,"href":"https:\/\/kechbureau.ma\/index.php?rest_route=%2Fwp%2Fv2%2Fproduct_cat&post=11704"},{"taxonomy":"product_tag","embeddable":true,"href":"https:\/\/kechbureau.ma\/index.php?rest_route=%2Fwp%2Fv2%2Fproduct_tag&post=11704"}],"curies":[{"name":"wp","href":"https:\/\/api.w.org\/{rel}","templated":true}]}}